{"id":860,"date":"2018-10-09T21:10:04","date_gmt":"2018-10-09T19:10:04","guid":{"rendered":"http:\/\/artplastic.fr\/?page_id=860"},"modified":"2018-10-11T22:00:32","modified_gmt":"2018-10-11T20:00:32","slug":"photographie-de-lexposition-du-6-et-7-octobre-2018","status":"publish","type":"page","link":"https:\/\/artplastic.fr\/?page_id=860","title":{"rendered":"Photographies de l&rsquo;exposition du 6 et 7 Octobre 2018"},"content":{"rendered":"<h3 style=\"text-align: center;\"><strong>Pr\u00e9sentation des romans photos des \u00e9l\u00e8ves, notre stand !<br \/>\n<\/strong><\/h3>\n<p style=\"text-align: center;\"><img loading=\"lazy\" class=\"alignnone size-full wp-image-869\" src=\"http:\/\/artplastic.fr\/wp-content\/uploads\/2018\/10\/DSC00139.jpg\" alt=\"\" width=\"5152\" height=\"3864\" srcset=\"https:\/\/artplastic.fr\/wp-content\/uploads\/2018\/10\/DSC00139.jpg 5152w, https:\/\/artplastic.fr\/wp-content\/uploads\/2018\/10\/DSC00139-300x225.jpg 300w, https:\/\/artplastic.fr\/wp-content\/uploads\/2018\/10\/DSC00139-768x576.jpg 768w, https:\/\/artplastic.fr\/wp-content\/uploads\/2018\/10\/DSC00139-1024x768.jpg 1024w, https:\/\/artplastic.fr\/wp-content\/uploads\/2018\/10\/DSC00139-370x278.jpg 370w, https:\/\/artplastic.fr\/wp-content\/uploads\/2018\/10\/DSC00139-1040x780.jpg 1040w\" sizes=\"(max-width: 5152px) 100vw, 5152px\" \/><img loading=\"lazy\" class=\"alignnone size-full wp-image-863\" src=\"http:\/\/artplastic.fr\/wp-content\/uploads\/2018\/10\/DSC00118.jpg\" alt=\"\" width=\"5152\" height=\"3864\" srcset=\"https:\/\/artplastic.fr\/wp-content\/uploads\/2018\/10\/DSC00118.jpg 5152w, https:\/\/artplastic.fr\/wp-content\/uploads\/2018\/10\/DSC00118-300x225.jpg 300w, https:\/\/artplastic.fr\/wp-content\/uploads\/2018\/10\/DSC00118-768x576.jpg 768w, https:\/\/artplastic.fr\/wp-content\/uploads\/2018\/10\/DSC00118-1024x768.jpg 1024w, https:\/\/artplastic.fr\/wp-content\/uploads\/2018\/10\/DSC00118-370x278.jpg 370w, https:\/\/artplastic.fr\/wp-content\/uploads\/2018\/10\/DSC00118-1040x780.jpg 1040w\" sizes=\"(max-width: 5152px) 100vw, 5152px\" \/><\/p>\n<p><img loading=\"lazy\" class=\"wp-image-867 alignleft\" src=\"http:\/\/artplastic.fr\/wp-content\/uploads\/2018\/10\/DSC00134.jpg\" alt=\"\" width=\"457\" height=\"609\" srcset=\"https:\/\/artplastic.fr\/wp-content\/uploads\/2018\/10\/DSC00134.jpg 3864w, https:\/\/artplastic.fr\/wp-content\/uploads\/2018\/10\/DSC00134-225x300.jpg 225w, https:\/\/artplastic.fr\/wp-content\/uploads\/2018\/10\/DSC00134-768x1024.jpg 768w, https:\/\/artplastic.fr\/wp-content\/uploads\/2018\/10\/DSC00134-370x493.jpg 370w, https:\/\/artplastic.fr\/wp-content\/uploads\/2018\/10\/DSC00134-1040x1387.jpg 1040w\" sizes=\"(max-width: 457px) 100vw, 457px\" \/><\/p>\n<p><img loading=\"lazy\" class=\"wp-image-866 alignleft\" src=\"http:\/\/artplastic.fr\/wp-content\/uploads\/2018\/10\/DSC00133.jpg\" alt=\"\" width=\"460\" height=\"613\" srcset=\"https:\/\/artplastic.fr\/wp-content\/uploads\/2018\/10\/DSC00133.jpg 2892w, https:\/\/artplastic.fr\/wp-content\/uploads\/2018\/10\/DSC00133-225x300.jpg 225w, https:\/\/artplastic.fr\/wp-content\/uploads\/2018\/10\/DSC00133-768x1024.jpg 768w, https:\/\/artplastic.fr\/wp-content\/uploads\/2018\/10\/DSC00133-370x493.jpg 370w, https:\/\/artplastic.fr\/wp-content\/uploads\/2018\/10\/DSC00133-1040x1386.jpg 1040w\" sizes=\"(max-width: 460px) 100vw, 460px\" \/><\/p>\n<p>&nbsp;<\/p>\n<p style=\"text-align: center;\"><strong>Quelques d\u00e9tails:<\/strong><\/p>\n<p style=\"text-align: left;\"><img loading=\"lazy\" class=\"wp-image-870 alignleft\" src=\"http:\/\/artplastic.fr\/wp-content\/uploads\/2018\/10\/DSC00145.jpg\" alt=\"\" width=\"491\" height=\"368\" srcset=\"https:\/\/artplastic.fr\/wp-content\/uploads\/2018\/10\/DSC00145.jpg 4541w, https:\/\/artplastic.fr\/wp-content\/uploads\/2018\/10\/DSC00145-300x225.jpg 300w, https:\/\/artplastic.fr\/wp-content\/uploads\/2018\/10\/DSC00145-768x576.jpg 768w, https:\/\/artplastic.fr\/wp-content\/uploads\/2018\/10\/DSC00145-1024x768.jpg 1024w, https:\/\/artplastic.fr\/wp-content\/uploads\/2018\/10\/DSC00145-370x278.jpg 370w, https:\/\/artplastic.fr\/wp-content\/uploads\/2018\/10\/DSC00145-1040x780.jpg 1040w\" sizes=\"(max-width: 491px) 100vw, 491px\" \/> <img loading=\"lazy\" class=\"wp-image-871 alignright\" src=\"http:\/\/artplastic.fr\/wp-content\/uploads\/2018\/10\/DSC00146.jpg\" alt=\"\" width=\"456\" height=\"342\" srcset=\"https:\/\/artplastic.fr\/wp-content\/uploads\/2018\/10\/DSC00146.jpg 5152w, https:\/\/artplastic.fr\/wp-content\/uploads\/2018\/10\/DSC00146-300x225.jpg 300w, https:\/\/artplastic.fr\/wp-content\/uploads\/2018\/10\/DSC00146-768x576.jpg 768w, https:\/\/artplastic.fr\/wp-content\/uploads\/2018\/10\/DSC00146-1024x768.jpg 1024w, https:\/\/artplastic.fr\/wp-content\/uploads\/2018\/10\/DSC00146-370x278.jpg 370w, https:\/\/artplastic.fr\/wp-content\/uploads\/2018\/10\/DSC00146-1040x780.jpg 1040w\" sizes=\"(max-width: 456px) 100vw, 456px\" \/> <img loading=\"lazy\" class=\"alignnone size-full wp-image-872\" src=\"http:\/\/artplastic.fr\/wp-content\/uploads\/2018\/10\/DSC00147.jpg\" alt=\"\" width=\"4238\" height=\"3178\" srcset=\"https:\/\/artplastic.fr\/wp-content\/uploads\/2018\/10\/DSC00147.jpg 4238w, https:\/\/artplastic.fr\/wp-content\/uploads\/2018\/10\/DSC00147-300x225.jpg 300w, https:\/\/artplastic.fr\/wp-content\/uploads\/2018\/10\/DSC00147-768x576.jpg 768w, https:\/\/artplastic.fr\/wp-content\/uploads\/2018\/10\/DSC00147-1024x768.jpg 1024w, https:\/\/artplastic.fr\/wp-content\/uploads\/2018\/10\/DSC00147-370x277.jpg 370w, https:\/\/artplastic.fr\/wp-content\/uploads\/2018\/10\/DSC00147-1040x780.jpg 1040w\" sizes=\"(max-width: 4238px) 100vw, 4238px\" \/><\/p>\n<p>&nbsp;<\/p>\n<p style=\"text-align: center;\"><img loading=\"lazy\" class=\"wp-image-873 alignleft\" src=\"http:\/\/artplastic.fr\/wp-content\/uploads\/2018\/10\/DSC00148.jpg\" alt=\"\" width=\"465\" height=\"349\" srcset=\"https:\/\/artplastic.fr\/wp-content\/uploads\/2018\/10\/DSC00148.jpg 5152w, https:\/\/artplastic.fr\/wp-content\/uploads\/2018\/10\/DSC00148-300x225.jpg 300w, https:\/\/artplastic.fr\/wp-content\/uploads\/2018\/10\/DSC00148-768x576.jpg 768w, https:\/\/artplastic.fr\/wp-content\/uploads\/2018\/10\/DSC00148-1024x768.jpg 1024w, https:\/\/artplastic.fr\/wp-content\/uploads\/2018\/10\/DSC00148-370x278.jpg 370w, https:\/\/artplastic.fr\/wp-content\/uploads\/2018\/10\/DSC00148-1040x780.jpg 1040w\" sizes=\"(max-width: 465px) 100vw, 465px\" \/> <img loading=\"lazy\" class=\"wp-image-874 alignright\" src=\"http:\/\/artplastic.fr\/wp-content\/uploads\/2018\/10\/DSC00149.jpg\" alt=\"\" width=\"474\" height=\"356\" srcset=\"https:\/\/artplastic.fr\/wp-content\/uploads\/2018\/10\/DSC00149.jpg 4763w, https:\/\/artplastic.fr\/wp-content\/uploads\/2018\/10\/DSC00149-300x225.jpg 300w, https:\/\/artplastic.fr\/wp-content\/uploads\/2018\/10\/DSC00149-768x576.jpg 768w, https:\/\/artplastic.fr\/wp-content\/uploads\/2018\/10\/DSC00149-1024x768.jpg 1024w, https:\/\/artplastic.fr\/wp-content\/uploads\/2018\/10\/DSC00149-370x277.jpg 370w, https:\/\/artplastic.fr\/wp-content\/uploads\/2018\/10\/DSC00149-1040x780.jpg 1040w\" sizes=\"(max-width: 474px) 100vw, 474px\" \/> <img loading=\"lazy\" class=\"wp-image-875 aligncenter\" src=\"http:\/\/artplastic.fr\/wp-content\/uploads\/2018\/10\/DSC00150.jpg\" alt=\"\" width=\"918\" height=\"688\" srcset=\"https:\/\/artplastic.fr\/wp-content\/uploads\/2018\/10\/DSC00150.jpg 5152w, https:\/\/artplastic.fr\/wp-content\/uploads\/2018\/10\/DSC00150-300x225.jpg 300w, https:\/\/artplastic.fr\/wp-content\/uploads\/2018\/10\/DSC00150-768x576.jpg 768w, https:\/\/artplastic.fr\/wp-content\/uploads\/2018\/10\/DSC00150-1024x768.jpg 1024w, https:\/\/artplastic.fr\/wp-content\/uploads\/2018\/10\/DSC00150-370x278.jpg 370w, https:\/\/artplastic.fr\/wp-content\/uploads\/2018\/10\/DSC00150-1040x780.jpg 1040w\" sizes=\"(max-width: 918px) 100vw, 918px\" \/><\/p>\n<p><img loading=\"lazy\" class=\"wp-image-865 aligncenter\" src=\"http:\/\/artplastic.fr\/wp-content\/uploads\/2018\/10\/DSC00131.jpg\" alt=\"\" width=\"739\" height=\"986\" srcset=\"https:\/\/artplastic.fr\/wp-content\/uploads\/2018\/10\/DSC00131.jpg 3337w, https:\/\/artplastic.fr\/wp-content\/uploads\/2018\/10\/DSC00131-225x300.jpg 225w, https:\/\/artplastic.fr\/wp-content\/uploads\/2018\/10\/DSC00131-768x1024.jpg 768w, https:\/\/artplastic.fr\/wp-content\/uploads\/2018\/10\/DSC00131-370x493.jpg 370w, https:\/\/artplastic.fr\/wp-content\/uploads\/2018\/10\/DSC00131-1040x1387.jpg 1040w\" sizes=\"(max-width: 739px) 100vw, 739px\" \/><\/p>\n<p>&nbsp;<\/p>\n<p style=\"text-align: center;\"><img loading=\"lazy\" class=\"alignnone size-full wp-image-864\" src=\"http:\/\/artplastic.fr\/wp-content\/uploads\/2018\/10\/DSC00123.jpg\" alt=\"\" width=\"4118\" height=\"3089\" srcset=\"https:\/\/artplastic.fr\/wp-content\/uploads\/2018\/10\/DSC00123.jpg 4118w, https:\/\/artplastic.fr\/wp-content\/uploads\/2018\/10\/DSC00123-300x225.jpg 300w, https:\/\/artplastic.fr\/wp-content\/uploads\/2018\/10\/DSC00123-768x576.jpg 768w, https:\/\/artplastic.fr\/wp-content\/uploads\/2018\/10\/DSC00123-1024x768.jpg 1024w, https:\/\/artplastic.fr\/wp-content\/uploads\/2018\/10\/DSC00123-370x278.jpg 370w, https:\/\/artplastic.fr\/wp-content\/uploads\/2018\/10\/DSC00123-1040x780.jpg 1040w\" sizes=\"(max-width: 4118px) 100vw, 4118px\" \/><\/p>\n<h3 style=\"text-align: center;\"><strong>Les autres stands:<\/strong><\/h3>\n<p><img loading=\"lazy\" class=\"alignnone size-full wp-image-877\" src=\"http:\/\/artplastic.fr\/wp-content\/uploads\/2018\/10\/DSC00155.jpg\" alt=\"\" width=\"4912\" height=\"1080\" srcset=\"https:\/\/artplastic.fr\/wp-content\/uploads\/2018\/10\/DSC00155.jpg 4912w, https:\/\/artplastic.fr\/wp-content\/uploads\/2018\/10\/DSC00155-300x66.jpg 300w, https:\/\/artplastic.fr\/wp-content\/uploads\/2018\/10\/DSC00155-768x169.jpg 768w, https:\/\/artplastic.fr\/wp-content\/uploads\/2018\/10\/DSC00155-1024x225.jpg 1024w, https:\/\/artplastic.fr\/wp-content\/uploads\/2018\/10\/DSC00155-370x81.jpg 370w, https:\/\/artplastic.fr\/wp-content\/uploads\/2018\/10\/DSC00155-1040x229.jpg 1040w\" sizes=\"(max-width: 4912px) 100vw, 4912px\" \/><\/p>\n<p><img loading=\"lazy\" class=\"alignnone size-full wp-image-878\" src=\"http:\/\/artplastic.fr\/wp-content\/uploads\/2018\/10\/DSC00156.jpg\" alt=\"\" width=\"4912\" height=\"1080\" srcset=\"https:\/\/artplastic.fr\/wp-content\/uploads\/2018\/10\/DSC00156.jpg 4912w, https:\/\/artplastic.fr\/wp-content\/uploads\/2018\/10\/DSC00156-300x66.jpg 300w, https:\/\/artplastic.fr\/wp-content\/uploads\/2018\/10\/DSC00156-768x169.jpg 768w, https:\/\/artplastic.fr\/wp-content\/uploads\/2018\/10\/DSC00156-1024x225.jpg 1024w, https:\/\/artplastic.fr\/wp-content\/uploads\/2018\/10\/DSC00156-370x81.jpg 370w, https:\/\/artplastic.fr\/wp-content\/uploads\/2018\/10\/DSC00156-1040x229.jpg 1040w\" sizes=\"(max-width: 4912px) 100vw, 4912px\" \/><\/p>\n<p><img loading=\"lazy\" class=\"alignnone size-full wp-image-879\" src=\"http:\/\/artplastic.fr\/wp-content\/uploads\/2018\/10\/DSC00160.jpg\" alt=\"\" width=\"5152\" height=\"3864\" srcset=\"https:\/\/artplastic.fr\/wp-content\/uploads\/2018\/10\/DSC00160.jpg 5152w, https:\/\/artplastic.fr\/wp-content\/uploads\/2018\/10\/DSC00160-300x225.jpg 300w, https:\/\/artplastic.fr\/wp-content\/uploads\/2018\/10\/DSC00160-768x576.jpg 768w, https:\/\/artplastic.fr\/wp-content\/uploads\/2018\/10\/DSC00160-1024x768.jpg 1024w, https:\/\/artplastic.fr\/wp-content\/uploads\/2018\/10\/DSC00160-370x278.jpg 370w, https:\/\/artplastic.fr\/wp-content\/uploads\/2018\/10\/DSC00160-1040x780.jpg 1040w\" sizes=\"(max-width: 5152px) 100vw, 5152px\" \/><\/p>\n<p style=\"text-align: right;\"><a href=\"http:\/\/artplastic.fr\/\">RETOUR<\/a><\/p>\n","protected":false},"excerpt":{"rendered":"<p>Pr\u00e9sentation des romans photos des \u00e9l\u00e8ves, notre stand ! &nbsp; Quelques d\u00e9tails: &nbsp; &nbsp; Les autres stands: RETOUR<\/p>\n","protected":false},"author":1,"featured_media":0,"parent":0,"menu_order":0,"comment_status":"closed","ping_status":"closed","template":"","meta":[],"_links":{"self":[{"href":"https:\/\/artplastic.fr\/index.php?rest_route=\/wp\/v2\/pages\/860"}],"collection":[{"href":"https:\/\/artplastic.fr\/index.php?rest_route=\/wp\/v2\/pages"}],"about":[{"href":"https:\/\/artplastic.fr\/index.php?rest_route=\/wp\/v2\/types\/page"}],"author":[{"embeddable":true,"href":"https:\/\/artplastic.fr\/index.php?rest_route=\/wp\/v2\/users\/1"}],"replies":[{"embeddable":true,"href":"https:\/\/artplastic.fr\/index.php?rest_route=%2Fwp%2Fv2%2Fcomments&post=860"}],"version-history":[{"count":7,"href":"https:\/\/artplastic.fr\/index.php?rest_route=\/wp\/v2\/pages\/860\/revisions"}],"predecessor-version":[{"id":903,"href":"https:\/\/artplastic.fr\/index.php?rest_route=\/wp\/v2\/pages\/860\/revisions\/903"}],"wp:attachment":[{"href":"https:\/\/artplastic.fr\/index.php?rest_route=%2Fwp%2Fv2%2Fmedia&parent=860"}],"curies":[{"name":"wp","href":"https:\/\/api.w.org\/{rel}","templated":true}]}}