{"id":832,"date":"2018-09-27T15:38:13","date_gmt":"2018-09-27T13:38:13","guid":{"rendered":"http:\/\/artplastic.fr\/?page_id=832"},"modified":"2018-10-11T22:01:07","modified_gmt":"2018-10-11T20:01:07","slug":"les-photographie-realisees-par-les-eleves-pour-le-projet","status":"publish","type":"page","link":"https:\/\/artplastic.fr\/?page_id=832","title":{"rendered":"Les photographies r\u00e9alis\u00e9es par les \u00e9l\u00e8ves pour le projet."},"content":{"rendered":"<p><img loading=\"lazy\" class=\"alignnone size-full wp-image-834\" src=\"http:\/\/artplastic.fr\/wp-content\/uploads\/2018\/09\/IMG_0709-2.jpg\" alt=\"\" width=\"4608\" height=\"3456\" srcset=\"https:\/\/artplastic.fr\/wp-content\/uploads\/2018\/09\/IMG_0709-2.jpg 4608w, https:\/\/artplastic.fr\/wp-content\/uploads\/2018\/09\/IMG_0709-2-300x225.jpg 300w, https:\/\/artplastic.fr\/wp-content\/uploads\/2018\/09\/IMG_0709-2-768x576.jpg 768w, https:\/\/artplastic.fr\/wp-content\/uploads\/2018\/09\/IMG_0709-2-1024x768.jpg 1024w, https:\/\/artplastic.fr\/wp-content\/uploads\/2018\/09\/IMG_0709-2-370x278.jpg 370w, https:\/\/artplastic.fr\/wp-content\/uploads\/2018\/09\/IMG_0709-2-1040x780.jpg 1040w\" sizes=\"(max-width: 4608px) 100vw, 4608px\" \/> <img loading=\"lazy\" class=\"alignnone size-full wp-image-835\" src=\"http:\/\/artplastic.fr\/wp-content\/uploads\/2018\/09\/IMG_5127.jpg\" alt=\"\" width=\"4608\" height=\"3456\" srcset=\"https:\/\/artplastic.fr\/wp-content\/uploads\/2018\/09\/IMG_5127.jpg 4608w, https:\/\/artplastic.fr\/wp-content\/uploads\/2018\/09\/IMG_5127-300x225.jpg 300w, https:\/\/artplastic.fr\/wp-content\/uploads\/2018\/09\/IMG_5127-768x576.jpg 768w, https:\/\/artplastic.fr\/wp-content\/uploads\/2018\/09\/IMG_5127-1024x768.jpg 1024w, https:\/\/artplastic.fr\/wp-content\/uploads\/2018\/09\/IMG_5127-370x278.jpg 370w, https:\/\/artplastic.fr\/wp-content\/uploads\/2018\/09\/IMG_5127-1040x780.jpg 1040w\" sizes=\"(max-width: 4608px) 100vw, 4608px\" \/> <img loading=\"lazy\" class=\"alignnone size-full wp-image-836\" src=\"http:\/\/artplastic.fr\/wp-content\/uploads\/2018\/09\/CIMG2671.jpg\" alt=\"\" width=\"3648\" height=\"2736\" srcset=\"https:\/\/artplastic.fr\/wp-content\/uploads\/2018\/09\/CIMG2671.jpg 3648w, https:\/\/artplastic.fr\/wp-content\/uploads\/2018\/09\/CIMG2671-300x225.jpg 300w, https:\/\/artplastic.fr\/wp-content\/uploads\/2018\/09\/CIMG2671-768x576.jpg 768w, https:\/\/artplastic.fr\/wp-content\/uploads\/2018\/09\/CIMG2671-1024x768.jpg 1024w, https:\/\/artplastic.fr\/wp-content\/uploads\/2018\/09\/CIMG2671-370x278.jpg 370w, https:\/\/artplastic.fr\/wp-content\/uploads\/2018\/09\/CIMG2671-1040x780.jpg 1040w\" sizes=\"(max-width: 3648px) 100vw, 3648px\" \/> <img loading=\"lazy\" class=\"alignnone size-full wp-image-837\" src=\"http:\/\/artplastic.fr\/wp-content\/uploads\/2018\/09\/CIMG2674.jpg\" alt=\"\" width=\"3648\" height=\"2736\" srcset=\"https:\/\/artplastic.fr\/wp-content\/uploads\/2018\/09\/CIMG2674.jpg 3648w, https:\/\/artplastic.fr\/wp-content\/uploads\/2018\/09\/CIMG2674-300x225.jpg 300w, https:\/\/artplastic.fr\/wp-content\/uploads\/2018\/09\/CIMG2674-768x576.jpg 768w, https:\/\/artplastic.fr\/wp-content\/uploads\/2018\/09\/CIMG2674-1024x768.jpg 1024w, https:\/\/artplastic.fr\/wp-content\/uploads\/2018\/09\/CIMG2674-370x278.jpg 370w, https:\/\/artplastic.fr\/wp-content\/uploads\/2018\/09\/CIMG2674-1040x780.jpg 1040w\" sizes=\"(max-width: 3648px) 100vw, 3648px\" \/> <img loading=\"lazy\" class=\"alignnone size-full wp-image-839\" src=\"http:\/\/artplastic.fr\/wp-content\/uploads\/2018\/09\/CIMG2696.jpg\" alt=\"\" width=\"3648\" height=\"2736\" srcset=\"https:\/\/artplastic.fr\/wp-content\/uploads\/2018\/09\/CIMG2696.jpg 3648w, https:\/\/artplastic.fr\/wp-content\/uploads\/2018\/09\/CIMG2696-300x225.jpg 300w, https:\/\/artplastic.fr\/wp-content\/uploads\/2018\/09\/CIMG2696-768x576.jpg 768w, https:\/\/artplastic.fr\/wp-content\/uploads\/2018\/09\/CIMG2696-1024x768.jpg 1024w, https:\/\/artplastic.fr\/wp-content\/uploads\/2018\/09\/CIMG2696-370x278.jpg 370w, https:\/\/artplastic.fr\/wp-content\/uploads\/2018\/09\/CIMG2696-1040x780.jpg 1040w\" sizes=\"(max-width: 3648px) 100vw, 3648px\" \/> <img loading=\"lazy\" class=\"alignnone size-full wp-image-840\" src=\"http:\/\/artplastic.fr\/wp-content\/uploads\/2018\/09\/DSCN2008.jpg\" alt=\"\" width=\"3648\" height=\"2736\" srcset=\"https:\/\/artplastic.fr\/wp-content\/uploads\/2018\/09\/DSCN2008.jpg 3648w, https:\/\/artplastic.fr\/wp-content\/uploads\/2018\/09\/DSCN2008-300x225.jpg 300w, https:\/\/artplastic.fr\/wp-content\/uploads\/2018\/09\/DSCN2008-768x576.jpg 768w, https:\/\/artplastic.fr\/wp-content\/uploads\/2018\/09\/DSCN2008-1024x768.jpg 1024w, https:\/\/artplastic.fr\/wp-content\/uploads\/2018\/09\/DSCN2008-370x278.jpg 370w, https:\/\/artplastic.fr\/wp-content\/uploads\/2018\/09\/DSCN2008-1040x780.jpg 1040w\" sizes=\"(max-width: 3648px) 100vw, 3648px\" \/> <img loading=\"lazy\" class=\"alignnone size-full wp-image-842\" src=\"http:\/\/artplastic.fr\/wp-content\/uploads\/2018\/09\/IMG_0744.jpg\" alt=\"\" width=\"4608\" height=\"3456\" srcset=\"https:\/\/artplastic.fr\/wp-content\/uploads\/2018\/09\/IMG_0744.jpg 4608w, https:\/\/artplastic.fr\/wp-content\/uploads\/2018\/09\/IMG_0744-300x225.jpg 300w, https:\/\/artplastic.fr\/wp-content\/uploads\/2018\/09\/IMG_0744-768x576.jpg 768w, https:\/\/artplastic.fr\/wp-content\/uploads\/2018\/09\/IMG_0744-1024x768.jpg 1024w, https:\/\/artplastic.fr\/wp-content\/uploads\/2018\/09\/IMG_0744-370x278.jpg 370w, https:\/\/artplastic.fr\/wp-content\/uploads\/2018\/09\/IMG_0744-1040x780.jpg 1040w\" sizes=\"(max-width: 4608px) 100vw, 4608px\" \/> <img loading=\"lazy\" class=\"alignnone size-full wp-image-843\" src=\"http:\/\/artplastic.fr\/wp-content\/uploads\/2018\/09\/IMG_0761.jpg\" alt=\"\" width=\"4608\" height=\"3456\" srcset=\"https:\/\/artplastic.fr\/wp-content\/uploads\/2018\/09\/IMG_0761.jpg 4608w, https:\/\/artplastic.fr\/wp-content\/uploads\/2018\/09\/IMG_0761-300x225.jpg 300w, https:\/\/artplastic.fr\/wp-content\/uploads\/2018\/09\/IMG_0761-768x576.jpg 768w, https:\/\/artplastic.fr\/wp-content\/uploads\/2018\/09\/IMG_0761-1024x768.jpg 1024w, https:\/\/artplastic.fr\/wp-content\/uploads\/2018\/09\/IMG_0761-370x278.jpg 370w, https:\/\/artplastic.fr\/wp-content\/uploads\/2018\/09\/IMG_0761-1040x780.jpg 1040w\" sizes=\"(max-width: 4608px) 100vw, 4608px\" \/> <img loading=\"lazy\" class=\"alignnone size-full wp-image-844\" src=\"http:\/\/artplastic.fr\/wp-content\/uploads\/2018\/09\/IMG_0763-1.jpg\" alt=\"\" width=\"4608\" height=\"3456\" srcset=\"https:\/\/artplastic.fr\/wp-content\/uploads\/2018\/09\/IMG_0763-1.jpg 4608w, https:\/\/artplastic.fr\/wp-content\/uploads\/2018\/09\/IMG_0763-1-300x225.jpg 300w, https:\/\/artplastic.fr\/wp-content\/uploads\/2018\/09\/IMG_0763-1-768x576.jpg 768w, https:\/\/artplastic.fr\/wp-content\/uploads\/2018\/09\/IMG_0763-1-1024x768.jpg 1024w, https:\/\/artplastic.fr\/wp-content\/uploads\/2018\/09\/IMG_0763-1-370x278.jpg 370w, https:\/\/artplastic.fr\/wp-content\/uploads\/2018\/09\/IMG_0763-1-1040x780.jpg 1040w\" sizes=\"(max-width: 4608px) 100vw, 4608px\" \/> <img loading=\"lazy\" class=\"alignnone size-full wp-image-845\" src=\"http:\/\/artplastic.fr\/wp-content\/uploads\/2018\/09\/IMG_4078.jpg\" alt=\"\" width=\"4000\" height=\"3000\" srcset=\"https:\/\/artplastic.fr\/wp-content\/uploads\/2018\/09\/IMG_4078.jpg 4000w, https:\/\/artplastic.fr\/wp-content\/uploads\/2018\/09\/IMG_4078-300x225.jpg 300w, https:\/\/artplastic.fr\/wp-content\/uploads\/2018\/09\/IMG_4078-768x576.jpg 768w, https:\/\/artplastic.fr\/wp-content\/uploads\/2018\/09\/IMG_4078-1024x768.jpg 1024w, https:\/\/artplastic.fr\/wp-content\/uploads\/2018\/09\/IMG_4078-370x278.jpg 370w, https:\/\/artplastic.fr\/wp-content\/uploads\/2018\/09\/IMG_4078-1040x780.jpg 1040w\" sizes=\"(max-width: 4000px) 100vw, 4000px\" \/> <img loading=\"lazy\" class=\"alignnone size-full wp-image-847\" src=\"http:\/\/artplastic.fr\/wp-content\/uploads\/2018\/09\/IMG_4079-e1538055093181.jpg\" alt=\"\" width=\"3000\" height=\"4000\" srcset=\"https:\/\/artplastic.fr\/wp-content\/uploads\/2018\/09\/IMG_4079-e1538055093181.jpg 3000w, https:\/\/artplastic.fr\/wp-content\/uploads\/2018\/09\/IMG_4079-e1538055093181-225x300.jpg 225w, https:\/\/artplastic.fr\/wp-content\/uploads\/2018\/09\/IMG_4079-e1538055093181-768x1024.jpg 768w, https:\/\/artplastic.fr\/wp-content\/uploads\/2018\/09\/IMG_4079-e1538055093181-370x493.jpg 370w, https:\/\/artplastic.fr\/wp-content\/uploads\/2018\/09\/IMG_4079-e1538055093181-1040x1387.jpg 1040w\" sizes=\"(max-width: 3000px) 100vw, 3000px\" \/> <img loading=\"lazy\" class=\"alignnone size-full wp-image-849\" src=\"http:\/\/artplastic.fr\/wp-content\/uploads\/2018\/09\/IMG_4102-e1538055073863.jpg\" alt=\"\" width=\"3000\" height=\"4000\" srcset=\"https:\/\/artplastic.fr\/wp-content\/uploads\/2018\/09\/IMG_4102-e1538055073863.jpg 3000w, https:\/\/artplastic.fr\/wp-content\/uploads\/2018\/09\/IMG_4102-e1538055073863-225x300.jpg 225w, https:\/\/artplastic.fr\/wp-content\/uploads\/2018\/09\/IMG_4102-e1538055073863-768x1024.jpg 768w, https:\/\/artplastic.fr\/wp-content\/uploads\/2018\/09\/IMG_4102-e1538055073863-370x493.jpg 370w, https:\/\/artplastic.fr\/wp-content\/uploads\/2018\/09\/IMG_4102-e1538055073863-1040x1387.jpg 1040w\" sizes=\"(max-width: 3000px) 100vw, 3000px\" \/> <img loading=\"lazy\" class=\"alignnone size-full wp-image-850\" src=\"http:\/\/artplastic.fr\/wp-content\/uploads\/2018\/09\/IMG_5195.jpg\" alt=\"\" width=\"4608\" height=\"3456\" srcset=\"https:\/\/artplastic.fr\/wp-content\/uploads\/2018\/09\/IMG_5195.jpg 4608w, https:\/\/artplastic.fr\/wp-content\/uploads\/2018\/09\/IMG_5195-300x225.jpg 300w, https:\/\/artplastic.fr\/wp-content\/uploads\/2018\/09\/IMG_5195-768x576.jpg 768w, https:\/\/artplastic.fr\/wp-content\/uploads\/2018\/09\/IMG_5195-1024x768.jpg 1024w, https:\/\/artplastic.fr\/wp-content\/uploads\/2018\/09\/IMG_5195-370x278.jpg 370w, https:\/\/artplastic.fr\/wp-content\/uploads\/2018\/09\/IMG_5195-1040x780.jpg 1040w\" sizes=\"(max-width: 4608px) 100vw, 4608px\" \/> <img loading=\"lazy\" class=\"alignnone size-full wp-image-851\" src=\"http:\/\/artplastic.fr\/wp-content\/uploads\/2018\/09\/IMG_5202.jpg\" alt=\"\" width=\"4608\" height=\"3456\" srcset=\"https:\/\/artplastic.fr\/wp-content\/uploads\/2018\/09\/IMG_5202.jpg 4608w, https:\/\/artplastic.fr\/wp-content\/uploads\/2018\/09\/IMG_5202-300x225.jpg 300w, https:\/\/artplastic.fr\/wp-content\/uploads\/2018\/09\/IMG_5202-768x576.jpg 768w, https:\/\/artplastic.fr\/wp-content\/uploads\/2018\/09\/IMG_5202-1024x768.jpg 1024w, https:\/\/artplastic.fr\/wp-content\/uploads\/2018\/09\/IMG_5202-370x278.jpg 370w, https:\/\/artplastic.fr\/wp-content\/uploads\/2018\/09\/IMG_5202-1040x780.jpg 1040w\" sizes=\"(max-width: 4608px) 100vw, 4608px\" \/> <img loading=\"lazy\" class=\"alignnone size-full wp-image-852\" src=\"http:\/\/artplastic.fr\/wp-content\/uploads\/2018\/09\/IMG_6933-e1538055055955.jpg\" alt=\"\" width=\"3000\" height=\"4000\" srcset=\"https:\/\/artplastic.fr\/wp-content\/uploads\/2018\/09\/IMG_6933-e1538055055955.jpg 3000w, https:\/\/artplastic.fr\/wp-content\/uploads\/2018\/09\/IMG_6933-e1538055055955-225x300.jpg 225w, https:\/\/artplastic.fr\/wp-content\/uploads\/2018\/09\/IMG_6933-e1538055055955-768x1024.jpg 768w, https:\/\/artplastic.fr\/wp-content\/uploads\/2018\/09\/IMG_6933-e1538055055955-370x493.jpg 370w, https:\/\/artplastic.fr\/wp-content\/uploads\/2018\/09\/IMG_6933-e1538055055955-1040x1387.jpg 1040w\" sizes=\"(max-width: 3000px) 100vw, 3000px\" \/> <img loading=\"lazy\" class=\"alignnone size-full wp-image-853\" src=\"http:\/\/artplastic.fr\/wp-content\/uploads\/2018\/09\/IMG_6935.jpg\" alt=\"\" width=\"4000\" height=\"3000\" srcset=\"https:\/\/artplastic.fr\/wp-content\/uploads\/2018\/09\/IMG_6935.jpg 4000w, https:\/\/artplastic.fr\/wp-content\/uploads\/2018\/09\/IMG_6935-300x225.jpg 300w, https:\/\/artplastic.fr\/wp-content\/uploads\/2018\/09\/IMG_6935-768x576.jpg 768w, https:\/\/artplastic.fr\/wp-content\/uploads\/2018\/09\/IMG_6935-1024x768.jpg 1024w, https:\/\/artplastic.fr\/wp-content\/uploads\/2018\/09\/IMG_6935-370x278.jpg 370w, https:\/\/artplastic.fr\/wp-content\/uploads\/2018\/09\/IMG_6935-1040x780.jpg 1040w\" sizes=\"(max-width: 4000px) 100vw, 4000px\" \/> <img loading=\"lazy\" class=\"alignnone size-full wp-image-854\" src=\"http:\/\/artplastic.fr\/wp-content\/uploads\/2018\/09\/P1160058.jpg\" alt=\"\" width=\"4000\" height=\"3000\" srcset=\"https:\/\/artplastic.fr\/wp-content\/uploads\/2018\/09\/P1160058.jpg 4000w, https:\/\/artplastic.fr\/wp-content\/uploads\/2018\/09\/P1160058-300x225.jpg 300w, https:\/\/artplastic.fr\/wp-content\/uploads\/2018\/09\/P1160058-768x576.jpg 768w, https:\/\/artplastic.fr\/wp-content\/uploads\/2018\/09\/P1160058-1024x768.jpg 1024w, https:\/\/artplastic.fr\/wp-content\/uploads\/2018\/09\/P1160058-370x278.jpg 370w, https:\/\/artplastic.fr\/wp-content\/uploads\/2018\/09\/P1160058-1040x780.jpg 1040w\" sizes=\"(max-width: 4000px) 100vw, 4000px\" \/><\/p>\n<p><img loading=\"lazy\" class=\"size-full wp-image-855\" src=\"http:\/\/artplastic.fr\/wp-content\/uploads\/2018\/09\/P4110173.jpg\" alt=\"\" width=\"3968\" height=\"2976\" srcset=\"https:\/\/artplastic.fr\/wp-content\/uploads\/2018\/09\/P4110173.jpg 3968w, https:\/\/artplastic.fr\/wp-content\/uploads\/2018\/09\/P4110173-300x225.jpg 300w, https:\/\/artplastic.fr\/wp-content\/uploads\/2018\/09\/P4110173-768x576.jpg 768w, https:\/\/artplastic.fr\/wp-content\/uploads\/2018\/09\/P4110173-1024x768.jpg 1024w, https:\/\/artplastic.fr\/wp-content\/uploads\/2018\/09\/P4110173-370x278.jpg 370w, https:\/\/artplastic.fr\/wp-content\/uploads\/2018\/09\/P4110173-1040x780.jpg 1040w\" sizes=\"(max-width: 3968px) 100vw, 3968px\" \/><\/p>\n<p style=\"text-align: right;\"><a href=\"http:\/\/artplastic.fr\/\"><strong>RETOUR<\/strong><\/a><\/p>\n","protected":false},"excerpt":{"rendered":"<p>RETOUR<\/p>\n","protected":false},"author":1,"featured_media":0,"parent":0,"menu_order":0,"comment_status":"closed","ping_status":"closed","template":"","meta":[],"_links":{"self":[{"href":"https:\/\/artplastic.fr\/index.php?rest_route=\/wp\/v2\/pages\/832"}],"collection":[{"href":"https:\/\/artplastic.fr\/index.php?rest_route=\/wp\/v2\/pages"}],"about":[{"href":"https:\/\/artplastic.fr\/index.php?rest_route=\/wp\/v2\/types\/page"}],"author":[{"embeddable":true,"href":"https:\/\/artplastic.fr\/index.php?rest_route=\/wp\/v2\/users\/1"}],"replies":[{"embeddable":true,"href":"https:\/\/artplastic.fr\/index.php?rest_route=%2Fwp%2Fv2%2Fcomments&post=832"}],"version-history":[{"count":5,"href":"https:\/\/artplastic.fr\/index.php?rest_route=\/wp\/v2\/pages\/832\/revisions"}],"predecessor-version":[{"id":904,"href":"https:\/\/artplastic.fr\/index.php?rest_route=\/wp\/v2\/pages\/832\/revisions\/904"}],"wp:attachment":[{"href":"https:\/\/artplastic.fr\/index.php?rest_route=%2Fwp%2Fv2%2Fmedia&parent=832"}],"curies":[{"name":"wp","href":"https:\/\/api.w.org\/{rel}","templated":true}]}}