{"id":826,"date":"2018-09-27T15:10:54","date_gmt":"2018-09-27T13:10:54","guid":{"rendered":"http:\/\/artplastic.fr\/?page_id=826"},"modified":"2018-10-11T21:57:29","modified_gmt":"2018-10-11T19:57:29","slug":"dialogue-photographique-avec-alexandra-david-neel","status":"publish","type":"page","link":"https:\/\/artplastic.fr\/?page_id=826","title":{"rendered":"Dialogue photographique avec Alexandra David N\u00e9el: le projet."},"content":{"rendered":"<p><img loading=\"lazy\" class=\"alignnone wp-image-827 aligncenter\" src=\"http:\/\/artplastic.fr\/wp-content\/uploads\/2018\/09\/IMG_0709-1.jpg\" alt=\"\" width=\"798\" height=\"1196\" srcset=\"https:\/\/artplastic.fr\/wp-content\/uploads\/2018\/09\/IMG_0709-1.jpg 517w, https:\/\/artplastic.fr\/wp-content\/uploads\/2018\/09\/IMG_0709-1-200x300.jpg 200w, https:\/\/artplastic.fr\/wp-content\/uploads\/2018\/09\/IMG_0709-1-370x555.jpg 370w\" sizes=\"(max-width: 798px) 100vw, 798px\" \/><\/p>\n<h1 align=\"center\"><span style=\"font-family: Times New Roman, serif;\"><span style=\"font-size: large;\"><b>Dialogue photographique avec Alexandra David N\u00e9el <\/b><\/span><\/span><\/h1>\n<h3 align=\"center\"><span style=\"font-family: Times New Roman, serif;\"><span style=\"font-size: medium;\">Le voyage, l\u2019aventure, les grandes d\u00e9couvertes, la rencontre de l\u2019autre, l\u2019inconnu\u2026&#8230;. <\/span><\/span><\/h3>\n<h3 align=\"justify\"><span style=\"font-family: Times New Roman, serif;\"><span style=\"font-size: small;\">La proposition de cette ann\u00e9e pour l\u2019Automne photographique\u00a0: dialogue avec Alexandra David N\u00e9el, \u00e9tait pour nous, les professeurs du coll\u00e8ge de Saint Bonnet, une superbe entr\u00e9e sur les programmes. Cela repr\u00e9sentait aussi une formidable occasion d\u2019ancrer les apprentissages dans un projet concret et inter-disciplinaires.<\/span><\/span><\/h3>\n<h3 align=\"justify\"><span style=\"font-family: Times New Roman, serif;\"><span style=\"font-size: small;\">Et si par la m\u00eame occasion, nous avions la possibilit\u00e9 d\u2019ouvrir le coll\u00e8ge vers l\u2019ext\u00e9rieur en nous exposant, en rencontrant des professionnels et un public\u2026. Comment pouvions-nous refuser\u00a0?<\/span><\/span><\/h3>\n<h3 align=\"justify\"><span style=\"font-family: Times New Roman, serif;\"><span style=\"font-size: small;\">Nous sommes donc partis pour l\u2019aventure, avec une classe de 5<sup>e <\/sup>et avec le pr\u00e9cieux soutien des professionnels de Regards Alpin. <\/span><\/span><\/h3>\n<h3 align=\"justify\"><span style=\"font-family: Times New Roman, serif;\"><span style=\"font-size: small;\">Saisissant l\u2019opportunit\u00e9 d\u2019une exposition au Mucem sur le Roman-photos, nous avons choisi comme point de d\u00e9part de fabriquer des romans-photos \u00e0 partir de la mise en sc\u00e8ne de petits mannequins articul\u00e9s que nous avons fait voyager de la montage \u00e0 la mer, du coll\u00e8ge au mus\u00e9e..<\/span><\/span><\/h3>\n<h3 align=\"center\"><span style=\"font-family: Times New Roman, serif;\"><span style=\"font-size: small;\">Et pour engager les \u00e9l\u00e8ves dans cette exp\u00e9dition, nous avons invent\u00e9 un petit sc\u00e9nario incitateur\u00a0:<\/span><\/span><\/h3>\n<h3 align=\"center\"><span style=\"font-family: Times New Roman, serif;\"><span style=\"font-size: small;\"><b>\u00ab\u00a0 Le petit homme en bois s\u2019est \u00e9chapp\u00e9 de la boite noire de l\u2019appareil photographique, trop curieux d\u2019aller voir le monde et d\u00e9couvrir la mer. <\/b><\/span><\/span><\/h3>\n<h3 align=\"center\"><span style=\"font-family: Times New Roman, serif;\"><span style=\"font-size: small;\"><b>Le probl\u00e8me est que le monde est en noir et blanc et \u00e0 l\u2019envers\u00a0!<\/b><\/span><\/span><\/h3>\n<h3 align=\"center\"><span style=\"font-family: Times New Roman, serif;\"><span style=\"font-size: small;\"><b>Difficile de trouver son chemin\u2026.<\/b><\/span><\/span><\/h3>\n<h3 align=\"center\"><span style=\"font-family: Times New Roman, serif;\"><span style=\"font-size: small;\"><b>D\u2019aventures en aventures, les lois de l\u2019attraction aidants, le monde reprendra ses couleurs et se remettra \u00e0 l\u2019endroit.<\/b><\/span><\/span><\/h3>\n<h3 align=\"center\"><span style=\"font-family: Times New Roman, serif;\"><span style=\"font-size: small;\"><b>Raconter-nous son histoire au travers d\u2019un Roman-photos que vous mettrez en texte et en images\u00a0\u00bb<\/b><\/span><\/span><\/h3>\n<h3 align=\"left\"><span style=\"font-family: Times New Roman, serif;\"><span style=\"font-size: small;\">Adh\u00e9rer, coop\u00e9rer, s\u2019engager sur un certain temps, \u00e9crire, mettre en images, mettre en page, faire des choix qui ont du sens, se remettre en question, pr\u00e9parer l\u2019exposition, l\u2019accrochage, partager avec des professionnels, d\u00e9couvrir des techniques\u2026. <\/span><\/span><\/h3>\n<h3 align=\"center\"><span style=\"font-family: Times New Roman, serif;\"><span style=\"font-size: small;\">La construction d\u2019un projet est aussi toute une aventure\u00a0!<\/span><\/span><\/h3>\n<h3 align=\"justify\"><span style=\"font-family: Times New Roman, serif;\"><span style=\"font-size: small;\">Aujourd\u2019hui, Nous sommes ravis de vous pr\u00e9senter le travail des \u00e9l\u00e8ves, qui plus est en dehors du Coll\u00e8ge, \u00e0 l\u2019occasion de cet Automne photographique de Manse. <\/span><\/span><\/h3>\n<h3 align=\"justify\"><span style=\"font-family: Times New Roman, serif;\"><span style=\"font-size: small;\">Pour ma part, ce f\u00fbt un r\u00e9el plaisir de voir les \u00e9l\u00e8ves \u00e9voluer, s\u2019investir et inventer . <\/span><\/span><\/h3>\n<h3 align=\"justify\"><span style=\"font-family: Times New Roman, serif;\"><span style=\"font-size: small;\">L\u2019aventure a d\u00e9marr\u00e9 il y a 7 mois, les enfants entre temps sont rentr\u00e9s en 4e\u2026<sup>.<\/sup><\/span><\/span><\/h3>\n<h3 align=\"justify\"><span style=\"font-family: Times New Roman, serif;\"><span style=\"font-size: small;\">Une autre aventure commence pour eux, et ce projet est un peu comme une passerelle entre deux ann\u00e9es. <\/span><\/span><\/h3>\n<h3 style=\"text-align: left;\" align=\"left\"><span style=\"font-family: Times New Roman, serif;\"><span style=\"font-size: small;\">\u00a0\u00a0\u00a0\u00a0\u00a0\u00a0\u00a0\u00a0\u00a0\u00a0\u00a0\u00a0\u00a0\u00a0\u00a0\u00a0\u00a0\u00a0\u00a0\u00a0\u00a0\u00a0\u00a0\u00a0\u00a0\u00a0\u00a0\u00a0\u00a0\u00a0\u00a0\u00a0\u00a0\u00a0\u00a0\u00a0\u00a0\u00a0\u00a0\u00a0\u00a0\u00a0\u00a0\u00a0\u00a0\u00a0\u00a0\u00a0\u00a0\u00a0\u00a0\u00a0\u00a0\u00a0\u00a0\u00a0\u00a0\u00a0\u00a0\u00a0\u00a0\u00a0\u00a0\u00a0\u00a0\u00a0\u00a0\u00a0\u00a0\u00a0\u00a0\u00a0\u00a0\u00a0\u00a0\u00a0\u00a0\u00a0\u00a0\u00a0\u00a0\u00a0\u00a0\u00a0\u00a0\u00a0\u00a0\u00a0\u00a0\u00a0\u00a0\u00a0\u00a0\u00a0\u00a0\u00a0\u00a0\u00a0\u00a0\u00a0\u00a0\u00a0\u00a0\u00a0\u00a0\u00a0\u00a0\u00a0\u00a0\u00a0\u00a0\u00a0\u00a0\u00a0\u00a0\u00a0\u00a0\u00a0\u00a0\u00a0\u00a0\u00a0\u00a0\u00a0\u00a0\u00a0 <\/span><\/span><\/h3>\n<h3 style=\"text-align: right;\" align=\"left\"><span style=\"font-family: Times New Roman, serif;\"><span style=\"font-size: small;\">\u00a0\u00a0\u00a0\u00a0\u00a0\u00a0\u00a0\u00a0\u00a0\u00a0\u00a0\u00a0\u00a0\u00a0\u00a0\u00a0\u00a0\u00a0\u00a0\u00a0\u00a0\u00a0\u00a0\u00a0\u00a0\u00a0\u00a0\u00a0\u00a0\u00a0\u00a0\u00a0\u00a0\u00a0\u00a0\u00a0\u00a0 C\u00e9line Botti\u00e9, professeur d\u2019Arts plastiques, coll\u00e8ge de St Bonnet.<\/span><\/span><\/h3>\n<h3 style=\"text-align: right;\" align=\"left\"><span style=\"font-family: Times New Roman, serif;\"><span style=\"font-size: small;\">\u00a0\u00a0\u00a0\u00a0\u00a0\u00a0\u00a0\u00a0\u00a0\u00a0\u00a0\u00a0\u00a0\u00a0\u00a0\u00a0\u00a0\u00a0\u00a0\u00a0\u00a0\u00a0\u00a0\u00a0\u00a0\u00a0\u00a0\u00a0\u00a0\u00a0\u00a0\u00a0\u00a0\u00a0\u00a0\u00a0\u00a0\u00a0\u00a0\u00a0\u00a0\u00a0\u00a0\u00a0\u00a0\u00a0\u00a0\u00a0\u00a0\u00a0\u00a0\u00a0\u00a0\u00a0\u00a0\u00a0\u00a0\u00a0\u00a0\u00a0\u00a0\u00a0\u00a0\u00a0\u00a0\u00a0\u00a0\u00a0\u00a0\u00a0\u00a0\u00a0\u00a0\u00a0\u00a0\u00a0\u00a0\u00a0\u00a0\u00a0\u00a0\u00a0\u00a0\u00a0\u00a0\u00a0\u00a0\u00a0\u00a0\u00a0\u00a0\u00a0\u00a0\u00a0\u00a0\u00a0\u00a0\u00a0\u00a0\u00a0\u00a0\u00a0\u00a0\u00a0\u00a0\u00a0\u00a0\u00a0\u00a0\u00a0\u00a0\u00a0\u00a0\u00a0\u00a0\u00a0\u00a0\u00a0\u00a0\u00a0\u00a0\u00a0\u00a0\u00a0\u00a0\u00a0\u00a0\u00a0\u00a0\u00a0\u00a0\u00a0\u00a0\u00a0\u00a0\u00a0\u00a0\u00a0 <a href=\"http:\/\/artplastic.fr\/\">RETOUR<\/a><\/span><\/span><\/h3>\n","protected":false},"excerpt":{"rendered":"<p>Dialogue photographique avec Alexandra David N\u00e9el Le voyage, l\u2019aventure, les grandes d\u00e9couvertes, la rencontre de l\u2019autre, l\u2019inconnu\u2026&#8230;. La proposition de cette ann\u00e9e pour l\u2019Automne photographique\u00a0: dialogue avec Alexandra David N\u00e9el, \u00e9tait pour nous, les professeurs[&#8230;]<\/p>\n","protected":false},"author":1,"featured_media":0,"parent":0,"menu_order":0,"comment_status":"closed","ping_status":"closed","template":"","meta":[],"_links":{"self":[{"href":"https:\/\/artplastic.fr\/index.php?rest_route=\/wp\/v2\/pages\/826"}],"collection":[{"href":"https:\/\/artplastic.fr\/index.php?rest_route=\/wp\/v2\/pages"}],"about":[{"href":"https:\/\/artplastic.fr\/index.php?rest_route=\/wp\/v2\/types\/page"}],"author":[{"embeddable":true,"href":"https:\/\/artplastic.fr\/index.php?rest_route=\/wp\/v2\/users\/1"}],"replies":[{"embeddable":true,"href":"https:\/\/artplastic.fr\/index.php?rest_route=%2Fwp%2Fv2%2Fcomments&post=826"}],"version-history":[{"count":6,"href":"https:\/\/artplastic.fr\/index.php?rest_route=\/wp\/v2\/pages\/826\/revisions"}],"predecessor-version":[{"id":902,"href":"https:\/\/artplastic.fr\/index.php?rest_route=\/wp\/v2\/pages\/826\/revisions\/902"}],"wp:attachment":[{"href":"https:\/\/artplastic.fr\/index.php?rest_route=%2Fwp%2Fv2%2Fmedia&parent=826"}],"curies":[{"name":"wp","href":"https:\/\/api.w.org\/{rel}","templated":true}]}}