{"id":696,"date":"2018-09-26T23:21:52","date_gmt":"2018-09-26T21:21:52","guid":{"rendered":"http:\/\/artplastic.fr\/?page_id=696"},"modified":"2018-11-08T13:40:23","modified_gmt":"2018-11-08T12:40:23","slug":"lautomne-photographique-a-manse","status":"publish","type":"page","link":"https:\/\/artplastic.fr\/?page_id=696","title":{"rendered":"L&rsquo;Automne photographique , prolongation au coll\u00e8ge !"},"content":{"rendered":"<h3 style=\"text-align: center;\">Exposition des travaux des \u00e9l\u00e8ves au coll\u00e8ge,<\/h3>\n<h3 style=\"text-align: center;\">Vendredi 30 novembre 2018 de 17h30 \u00e0 20h.<\/h3>\n<h3 style=\"text-align: center;\"><img loading=\"lazy\" class=\"alignnone wp-image-917\" src=\"http:\/\/artplastic.fr\/wp-content\/uploads\/2018\/11\/Affiche-expo-college-30-nov-2018.jpg\" alt=\"\" width=\"561\" height=\"841\" srcset=\"https:\/\/artplastic.fr\/wp-content\/uploads\/2018\/11\/Affiche-expo-college-30-nov-2018.jpg 517w, https:\/\/artplastic.fr\/wp-content\/uploads\/2018\/11\/Affiche-expo-college-30-nov-2018-200x300.jpg 200w, https:\/\/artplastic.fr\/wp-content\/uploads\/2018\/11\/Affiche-expo-college-30-nov-2018-370x555.jpg 370w\" sizes=\"(max-width: 561px) 100vw, 561px\" \/><\/h3>\n<p style=\"text-align: center;\"><a href=\"http:\/\/artplastic.fr\/?page_id=886\">Articles du Dauphin\u00e9 Lib\u00e9r\u00e9<\/a><\/p>\n<p style=\"text-align: center;\"><a href=\"http:\/\/artplastic.fr\/?page_id=816\">\u00a0Programme des 2 journ\u00e9es \u00e0 Manse<\/a><\/p>\n<p style=\"text-align: center;\"><a href=\"http:\/\/artplastic.fr\/?page_id=860&amp;preview=true\">\u00a0Les photos de l&rsquo;exposition et les travaux des \u00e9l\u00e8ves \u00e0 Manse.<\/a><\/p>\n<p style=\"text-align: center;\"><a href=\"http:\/\/artplastic.fr\/?page_id=826&amp;preview=true\">Le projet<\/a><\/p>\n<p style=\"text-align: center;\"><a href=\"http:\/\/artplastic.fr\/?page_id=832&amp;preview=true\">Quelques photos r\u00e9alis\u00e9es par les \u00e9l\u00e8ves pour le projet.<\/a><\/p>\n<p style=\"text-align: center;\">P<a href=\"http:\/\/artplastic.fr\/?page_id=802\">hotos du voyage sur Marseille <\/a><\/p>\n","protected":false},"excerpt":{"rendered":"<p>Exposition des travaux des \u00e9l\u00e8ves au coll\u00e8ge, Vendredi 30 novembre 2018 de 17h30 \u00e0 20h. Articles du Dauphin\u00e9 Lib\u00e9r\u00e9 \u00a0Programme des 2 journ\u00e9es \u00e0 Manse \u00a0Les photos de l&rsquo;exposition et les travaux des \u00e9l\u00e8ves \u00e0[&#8230;]<\/p>\n","protected":false},"author":1,"featured_media":0,"parent":0,"menu_order":0,"comment_status":"closed","ping_status":"closed","template":"","meta":[],"_links":{"self":[{"href":"https:\/\/artplastic.fr\/index.php?rest_route=\/wp\/v2\/pages\/696"}],"collection":[{"href":"https:\/\/artplastic.fr\/index.php?rest_route=\/wp\/v2\/pages"}],"about":[{"href":"https:\/\/artplastic.fr\/index.php?rest_route=\/wp\/v2\/types\/page"}],"author":[{"embeddable":true,"href":"https:\/\/artplastic.fr\/index.php?rest_route=\/wp\/v2\/users\/1"}],"replies":[{"embeddable":true,"href":"https:\/\/artplastic.fr\/index.php?rest_route=%2Fwp%2Fv2%2Fcomments&post=696"}],"version-history":[{"count":20,"href":"https:\/\/artplastic.fr\/index.php?rest_route=\/wp\/v2\/pages\/696\/revisions"}],"predecessor-version":[{"id":797,"href":"https:\/\/artplastic.fr\/index.php?rest_route=\/wp\/v2\/pages\/696\/revisions\/797"}],"wp:attachment":[{"href":"https:\/\/artplastic.fr\/index.php?rest_route=%2Fwp%2Fv2%2Fmedia&parent=696"}],"curies":[{"name":"wp","href":"https:\/\/api.w.org\/{rel}","templated":true}]}}