{"id":562,"date":"2018-04-04T21:57:43","date_gmt":"2018-04-04T19:57:43","guid":{"rendered":"http:\/\/artplastic.fr\/?page_id=562"},"modified":"2018-04-05T21:20:44","modified_gmt":"2018-04-05T19:20:44","slug":"voiclinaison","status":"publish","type":"page","link":"https:\/\/artplastic.fr\/?page_id=562","title":{"rendered":"Voiclinaison"},"content":{"rendered":"<p><img loading=\"lazy\" class=\"aligncenter wp-image-325\" title=\"VOIX\u00a0: [Vox, voxis]\u00a0: Nom f\u00e9minin , Ethym. Fin XVIIe\u00a0: Animal l\u00e9gendaire qui aurait surv\u00e9cu \u00e0 la pluie de m\u00e9t\u00e9orite exterminant les dinosaures. Cr\u00e9ature \u00e0 corps de chien avec des ailes d\u2019oiseau. Ex\u00a0: Pierre raconte qu\u2019il a vu une voix dans la for\u00eat. \" src=\"http:\/\/artplastic.fr\/wp-content\/uploads\/2018\/03\/voix-3-296x300.jpg\" alt=\"\" width=\"400\" height=\"406\" srcset=\"https:\/\/artplastic.fr\/wp-content\/uploads\/2018\/03\/voix-3-296x300.jpg 296w, https:\/\/artplastic.fr\/wp-content\/uploads\/2018\/03\/voix-3-370x375.jpg 370w, https:\/\/artplastic.fr\/wp-content\/uploads\/2018\/03\/voix-3.jpg 421w\" sizes=\"(max-width: 400px) 100vw, 400px\" \/><\/p>\n<h3 style=\"text-align: center;\">D\u00c9FINITION<\/h3>\n<h3 style=\"text-align: center;\">(Mettre la souris sur l&rsquo;image pour voir le texte)<\/h3>\n<p>&nbsp;<\/p>\n<p>&nbsp;<\/p>\n<h6><a href=\" http:\/\/artplastic.fr\/?page_id=566\"><img loading=\"lazy\" class=\"aligncenter wp-image-328\" title=\"Plouiiic\" src=\"http:\/\/artplastic.fr\/wp-content\/uploads\/2018\/03\/voix4-287x300.jpg\" alt=\"\" width=\"400\" height=\"418\" srcset=\"https:\/\/artplastic.fr\/wp-content\/uploads\/2018\/03\/voix4-287x300.jpg 287w, https:\/\/artplastic.fr\/wp-content\/uploads\/2018\/03\/voix4-370x387.jpg 370w, https:\/\/artplastic.fr\/wp-content\/uploads\/2018\/03\/voix4.jpg 565w\" sizes=\"(max-width: 400px) 100vw, 400px\" \/><\/a><\/h6>\n<h3 style=\"text-align: center;\">D\u00c9FINITION SONORE<\/h3>\n<p>&nbsp;<\/p>\n<p>&nbsp;<\/p>\n<p><a href=\" http:\/\/artplastic.fr\/?page_id=569\"><img loading=\"lazy\" class=\"aligncenter wp-image-324\" title=\"Plonc !\" src=\"http:\/\/artplastic.fr\/wp-content\/uploads\/2018\/03\/Voix-2-280x300.jpg\" alt=\"\" width=\"400\" height=\"429\" srcset=\"https:\/\/artplastic.fr\/wp-content\/uploads\/2018\/03\/Voix-2-280x300.jpg 280w, https:\/\/artplastic.fr\/wp-content\/uploads\/2018\/03\/Voix-2-768x823.jpg 768w, https:\/\/artplastic.fr\/wp-content\/uploads\/2018\/03\/Voix-2-370x397.jpg 370w, https:\/\/artplastic.fr\/wp-content\/uploads\/2018\/03\/Voix-2.jpg 809w\" sizes=\"(max-width: 400px) 100vw, 400px\" \/><\/a><\/p>\n<h3 style=\"text-align: center;\">CARTE VOCALE<\/h3>\n<h4 style=\"text-align: right;\"><a href=\"http:\/\/artplastic.fr\/?page_id=145\">Retour<\/a><\/h4>\n","protected":false},"excerpt":{"rendered":"<p>D\u00c9FINITION (Mettre la souris sur l&rsquo;image pour voir le texte) &nbsp; &nbsp; D\u00c9FINITION SONORE &nbsp; &nbsp; CARTE VOCALE Retour<\/p>\n","protected":false},"author":1,"featured_media":0,"parent":0,"menu_order":0,"comment_status":"closed","ping_status":"closed","template":"","meta":[],"_links":{"self":[{"href":"https:\/\/artplastic.fr\/index.php?rest_route=\/wp\/v2\/pages\/562"}],"collection":[{"href":"https:\/\/artplastic.fr\/index.php?rest_route=\/wp\/v2\/pages"}],"about":[{"href":"https:\/\/artplastic.fr\/index.php?rest_route=\/wp\/v2\/types\/page"}],"author":[{"embeddable":true,"href":"https:\/\/artplastic.fr\/index.php?rest_route=\/wp\/v2\/users\/1"}],"replies":[{"embeddable":true,"href":"https:\/\/artplastic.fr\/index.php?rest_route=%2Fwp%2Fv2%2Fcomments&post=562"}],"version-history":[{"count":8,"href":"https:\/\/artplastic.fr\/index.php?rest_route=\/wp\/v2\/pages\/562\/revisions"}],"predecessor-version":[{"id":589,"href":"https:\/\/artplastic.fr\/index.php?rest_route=\/wp\/v2\/pages\/562\/revisions\/589"}],"wp:attachment":[{"href":"https:\/\/artplastic.fr\/index.php?rest_route=%2Fwp%2Fv2%2Fmedia&parent=562"}],"curies":[{"name":"wp","href":"https:\/\/api.w.org\/{rel}","templated":true}]}}