{"id":415,"date":"2018-03-25T23:34:21","date_gmt":"2018-03-25T21:34:21","guid":{"rendered":"http:\/\/artplastic.fr\/?page_id=415"},"modified":"2018-04-05T21:16:29","modified_gmt":"2018-04-05T19:16:29","slug":"placlinaison","status":"publish","type":"page","link":"https:\/\/artplastic.fr\/?page_id=415","title":{"rendered":"Placlinaison"},"content":{"rendered":"<p><img loading=\"lazy\" class=\"aligncenter wp-image-313\" title=\"PLACOTER [Verbe du premier groupe] Poser du placo aux murs et au plafond. Ex\u00a0:\u00a0\u00bbJ'ai placot\u00e9 toute la journ\u00e9e chez Jacques qui a construit sa nouvelle maison fixer quelque chose solidement sur un objet. Ex\u00a0: \u00ab\u00a0 Les \u00e9l\u00e8ves sont placot\u00e9s sur leur chaise\u00a0\u00bb\" src=\"http:\/\/artplastic.fr\/wp-content\/uploads\/2018\/03\/placoter-2-300x300.jpg\" alt=\"\" width=\"400\" height=\"402\" srcset=\"https:\/\/artplastic.fr\/wp-content\/uploads\/2018\/03\/placoter-2-150x150.jpg 150w, https:\/\/artplastic.fr\/wp-content\/uploads\/2018\/03\/placoter-2-370x372.jpg 370w, https:\/\/artplastic.fr\/wp-content\/uploads\/2018\/03\/placoter-2.jpg 608w\" sizes=\"(max-width: 400px) 100vw, 400px\" \/><\/p>\n<h3 style=\"text-align: center;\">D\u00c9FINITION<\/h3>\n<h4 style=\"text-align: center;\">(Mettre la souris sur l&rsquo;image pour voir le texte)<\/h4>\n<h4><\/h4>\n<h4><\/h4>\n<h4 style=\"text-align: center;\"><a href=\" http:\/\/artplastic.fr\/?page_id=456\"><img loading=\"lazy\" class=\"aligncenter wp-image-316\" title=\"Ploooooc\" src=\"http:\/\/artplastic.fr\/wp-content\/uploads\/2018\/03\/placoter7-300x216.jpg\" alt=\"\" width=\"400\" height=\"288\" srcset=\"https:\/\/artplastic.fr\/wp-content\/uploads\/2018\/03\/placoter7-300x216.jpg 300w, https:\/\/artplastic.fr\/wp-content\/uploads\/2018\/03\/placoter7-370x266.jpg 370w, https:\/\/artplastic.fr\/wp-content\/uploads\/2018\/03\/placoter7.jpg 470w\" sizes=\"(max-width: 400px) 100vw, 400px\" \/><\/a><\/h4>\n<h3 style=\"text-align: center;\">D\u00c9FINITION SONORE<\/h3>\n<h4><\/h4>\n<p>&nbsp;<\/p>\n<h3 style=\"text-align: center;\"><a href=\" http:\/\/artplastic.fr\/?page_id=458\"><img loading=\"lazy\" class=\"aligncenter wp-image-317\" title=\"Plic plic ploc\" src=\"http:\/\/artplastic.fr\/wp-content\/uploads\/2018\/03\/placoter8-300x252.jpg\" alt=\"\" width=\"400\" height=\"336\" srcset=\"https:\/\/artplastic.fr\/wp-content\/uploads\/2018\/03\/placoter8-300x252.jpg 300w, https:\/\/artplastic.fr\/wp-content\/uploads\/2018\/03\/placoter8-370x311.jpg 370w, https:\/\/artplastic.fr\/wp-content\/uploads\/2018\/03\/placoter8.jpg 584w\" sizes=\"(max-width: 400px) 100vw, 400px\" \/><\/a>CARTE VOCALE<\/h3>\n<h4 style=\"text-align: right;\"><a href=\"http:\/\/artplastic.fr\/?page_id=145\">Retour<\/a><\/h4>\n","protected":false},"excerpt":{"rendered":"<p>D\u00c9FINITION (Mettre la souris sur l&rsquo;image pour voir le texte) D\u00c9FINITION SONORE &nbsp; CARTE VOCALE Retour<\/p>\n","protected":false},"author":1,"featured_media":0,"parent":0,"menu_order":0,"comment_status":"closed","ping_status":"closed","template":"","meta":[],"_links":{"self":[{"href":"https:\/\/artplastic.fr\/index.php?rest_route=\/wp\/v2\/pages\/415"}],"collection":[{"href":"https:\/\/artplastic.fr\/index.php?rest_route=\/wp\/v2\/pages"}],"about":[{"href":"https:\/\/artplastic.fr\/index.php?rest_route=\/wp\/v2\/types\/page"}],"author":[{"embeddable":true,"href":"https:\/\/artplastic.fr\/index.php?rest_route=\/wp\/v2\/users\/1"}],"replies":[{"embeddable":true,"href":"https:\/\/artplastic.fr\/index.php?rest_route=%2Fwp%2Fv2%2Fcomments&post=415"}],"version-history":[{"count":9,"href":"https:\/\/artplastic.fr\/index.php?rest_route=\/wp\/v2\/pages\/415\/revisions"}],"predecessor-version":[{"id":622,"href":"https:\/\/artplastic.fr\/index.php?rest_route=\/wp\/v2\/pages\/415\/revisions\/622"}],"wp:attachment":[{"href":"https:\/\/artplastic.fr\/index.php?rest_route=%2Fwp%2Fv2%2Fmedia&parent=415"}],"curies":[{"name":"wp","href":"https:\/\/api.w.org\/{rel}","templated":true}]}}