{"id":1938,"date":"2021-01-10T22:30:53","date_gmt":"2021-01-10T21:30:53","guid":{"rendered":"http:\/\/artplastic.fr\/?page_id=1938"},"modified":"2021-01-17T23:33:30","modified_gmt":"2021-01-17T22:33:30","slug":"augmentez-la-realite","status":"publish","type":"page","link":"https:\/\/artplastic.fr\/?page_id=1938","title":{"rendered":"\u00ab\u00a0Augmentez la r\u00e9alit\u00e9\u00a0\u00bb"},"content":{"rendered":"\n<p class=\"has-text-align-center\">Sujets r\u00e9alis\u00e9s \u00e0 partir de dessins mis en sc\u00e8ne dans l&rsquo;espace du coll\u00e8ge. <\/p>\n\n\n\n<figure class=\"wp-block-video\"><video controls src=\"http:\/\/artplastic.fr\/wp-content\/uploads\/2021\/01\/Augmenter-la-realite-3eme.mp4\"><\/video><\/figure>\n\n\n\n<figure class=\"wp-block-video\"><\/figure>\n","protected":false},"excerpt":{"rendered":"<p>Sujets r\u00e9alis\u00e9s \u00e0 partir de dessins mis en sc\u00e8ne dans l&rsquo;espace du coll\u00e8ge.<\/p>\n","protected":false},"author":1,"featured_media":0,"parent":0,"menu_order":0,"comment_status":"closed","ping_status":"closed","template":"","meta":[],"_links":{"self":[{"href":"https:\/\/artplastic.fr\/index.php?rest_route=\/wp\/v2\/pages\/1938"}],"collection":[{"href":"https:\/\/artplastic.fr\/index.php?rest_route=\/wp\/v2\/pages"}],"about":[{"href":"https:\/\/artplastic.fr\/index.php?rest_route=\/wp\/v2\/types\/page"}],"author":[{"embeddable":true,"href":"https:\/\/artplastic.fr\/index.php?rest_route=\/wp\/v2\/users\/1"}],"replies":[{"embeddable":true,"href":"https:\/\/artplastic.fr\/index.php?rest_route=%2Fwp%2Fv2%2Fcomments&post=1938"}],"version-history":[{"count":9,"href":"https:\/\/artplastic.fr\/index.php?rest_route=\/wp\/v2\/pages\/1938\/revisions"}],"predecessor-version":[{"id":1955,"href":"https:\/\/artplastic.fr\/index.php?rest_route=\/wp\/v2\/pages\/1938\/revisions\/1955"}],"wp:attachment":[{"href":"https:\/\/artplastic.fr\/index.php?rest_route=%2Fwp%2Fv2%2Fmedia&parent=1938"}],"curies":[{"name":"wp","href":"https:\/\/api.w.org\/{rel}","templated":true}]}}