{"id":1815,"date":"2020-12-02T17:10:38","date_gmt":"2020-12-02T16:10:38","guid":{"rendered":"http:\/\/artplastic.fr\/?page_id=1815"},"modified":"2020-12-02T17:58:30","modified_gmt":"2020-12-02T16:58:30","slug":"utilisation","status":"publish","type":"page","link":"https:\/\/artplastic.fr\/?page_id=1815","title":{"rendered":"Les reproductions pr\u00e9sentes sur ce site ne sont utilis\u00e9es qu&rsquo;\u00e0 des fins p\u00e9dagogiques dans un but d&rsquo;exemple pour offrir aux \u00e9l\u00e8ves de coll\u00e8ge une plus grande clart\u00e9 des d\u00e9marches artistiques contemporaines"},"content":{"rendered":"\n<p class=\"has-text-align-center\"> Site Artplastic, 2020. H\u00e9berg\u00e9 par OVH.<\/p>\n","protected":false},"excerpt":{"rendered":"<p>Site Artplastic, 2020. H\u00e9berg\u00e9 par OVH.<\/p>\n","protected":false},"author":1,"featured_media":0,"parent":0,"menu_order":0,"comment_status":"closed","ping_status":"closed","template":"","meta":[],"_links":{"self":[{"href":"https:\/\/artplastic.fr\/index.php?rest_route=\/wp\/v2\/pages\/1815"}],"collection":[{"href":"https:\/\/artplastic.fr\/index.php?rest_route=\/wp\/v2\/pages"}],"about":[{"href":"https:\/\/artplastic.fr\/index.php?rest_route=\/wp\/v2\/types\/page"}],"author":[{"embeddable":true,"href":"https:\/\/artplastic.fr\/index.php?rest_route=\/wp\/v2\/users\/1"}],"replies":[{"embeddable":true,"href":"https:\/\/artplastic.fr\/index.php?rest_route=%2Fwp%2Fv2%2Fcomments&post=1815"}],"version-history":[{"count":4,"href":"https:\/\/artplastic.fr\/index.php?rest_route=\/wp\/v2\/pages\/1815\/revisions"}],"predecessor-version":[{"id":1820,"href":"https:\/\/artplastic.fr\/index.php?rest_route=\/wp\/v2\/pages\/1815\/revisions\/1820"}],"wp:attachment":[{"href":"https:\/\/artplastic.fr\/index.php?rest_route=%2Fwp%2Fv2%2Fmedia&parent=1815"}],"curies":[{"name":"wp","href":"https:\/\/api.w.org\/{rel}","templated":true}]}}