{"id":1651,"date":"2020-11-09T23:02:54","date_gmt":"2020-11-09T22:02:54","guid":{"rendered":"http:\/\/artplastic.fr\/?page_id=1651"},"modified":"2020-12-02T20:51:06","modified_gmt":"2020-12-02T19:51:06","slug":"tout-un-monde","status":"publish","type":"page","link":"https:\/\/artplastic.fr\/?page_id=1651","title":{"rendered":"Tout un monde"},"content":{"rendered":"\n<div class=\"wp-block-image\"><figure class=\"aligncenter size-large is-resized\"><img loading=\"lazy\" src=\"http:\/\/artplastic.fr\/wp-content\/uploads\/2020\/11\/emil-ferris-moi-ce-que-jaime-cest-les-monstres-Album-dessine-au-Bic-2016.png\" alt=\"\" class=\"wp-image-1652\" width=\"765\" height=\"414\" srcset=\"https:\/\/artplastic.fr\/wp-content\/uploads\/2020\/11\/emil-ferris-moi-ce-que-jaime-cest-les-monstres-Album-dessine-au-Bic-2016.png 654w, https:\/\/artplastic.fr\/wp-content\/uploads\/2020\/11\/emil-ferris-moi-ce-que-jaime-cest-les-monstres-Album-dessine-au-Bic-2016-300x163.png 300w, https:\/\/artplastic.fr\/wp-content\/uploads\/2020\/11\/emil-ferris-moi-ce-que-jaime-cest-les-monstres-Album-dessine-au-Bic-2016-370x201.png 370w\" sizes=\"(max-width: 765px) 100vw, 765px\" \/><figcaption>Emil Ferris &#8211; Moi ce que j&rsquo;aime c&rsquo;est les monstres- Stylo BIC. D\u00e9tail, Album 2016<\/figcaption><\/figure><\/div>\n\n\n\n<p class=\"has-text-align-center has-medium-font-size\">Travail graphique sur le passage de l&rsquo;abstraction \u00e0 la figuration \u00e0 travers un outil particulier: Le stylo BIC .       <\/p>\n\n\n\n<p class=\"has-text-align-center has-vivid-red-color has-text-color has-small-font-size\">  <\/p>\n\n\n\n<p class=\"has-text-align-center\"><a href=\"http:\/\/artplastic.fr\/?page_id=1545\" data-type=\"URL\" data-id=\"http:\/\/artplastic.fr\/?page_id=1545\">Commencez par regarder la vid\u00e9o des 5e : La machine \u00e0 dessiner cliquez ici <\/a><\/p>\n\n\n\n<p>La machine \u00e0 dessiner s&#8217;emballe ! De gribouillis en gribouillis, un petit monde d&rsquo;insectes finit par surgir des traits et des entrelacs. <\/p>\n\n\n\n<p>Dessinez sur une <strong>feuille A3<\/strong> ( disponible en vie scolaire) , au <strong>stylo bille <\/strong>uniquement ( disponible en vie scolaire),  les gribouillis qui deviendront des formes fourmillantes d&rsquo;insectes <strong>envahissant la feuille. <\/strong><\/p>\n\n\n\n<p class=\"has-text-align-center\"><strong>Attention aucune modification du format (A3) n&rsquo;est possible. <\/strong><\/p>\n\n\n\n<p>Vous trouverez ici des liens pour vous documenter sur les insectes: <a href=\"http:\/\/www.pearltrees.com\/meloya\/annexes-de-sujet\/id19652394\" data-type=\"URL\" data-id=\"http:\/\/www.pearltrees.com\/meloya\/annexes-de-sujet\/id19652394\">http:\/\/www.pearltrees.com\/meloya\/annexes-de-sujet\/id19652394<\/a><\/p>\n\n\n\n<p><\/p>\n\n\n\n<p class=\"has-text-align-center has-vivid-red-color has-text-color\"><strong>Une fois r\u00e9alis\u00e9, vous enverrez votre travail photographi\u00e9 par <u>mail<\/u> \u00e0 <a href=\"mailto:apl@artplastic.fr\">apl@artplastic.fr<\/a> en veillant \u00e0 bien nommer <u>votre mail et votre photo<\/u> par vos NOM\/PR\u00c9NOM\/CLASSE<\/strong>. <\/p>\n\n\n\n<p class=\"has-text-align-center has-vivid-red-color has-text-color\">Travail a rendre en envoyant une photo par mail avant le 24.11.20.<\/p>\n\n\n\n<p class=\"has-text-align-center\"><strong>VOCABULAIRE<\/strong><\/p>\n\n\n\n<p><strong>Hasard:<\/strong> le hasard peut \u00eatre d\u00e9fini comme une circonstance impr\u00e9vue ou impr\u00e9visible, dont les effets peuvent \u00eatre favorables ou non. Certains artistes jouent de cette notion afin d\u2019introduire de l\u2019al\u00e9atoire dans l\u2019art.<\/p>\n\n\n\n<p><strong>Graphisme :<\/strong> Mani\u00e8re individuelle particuli\u00e8re d\u2019\u00e9crire ou de tracer des lignes, voire des signes r\u00e9p\u00e9titifs.<\/p>\n\n\n\n<p><strong><u>Abstrait&nbsp;:<\/u><\/strong> Se dit d\u2019une \u0153uvre qui ne repr\u00e9sente rien du r\u00e9el et qui ne fait pas r\u00e9f\u00e9rence \u00e0 une r\u00e9alit\u00e9. Une \u0153uvre abstraite, ou non-figurative, ne repr\u00e9sente rien que l&rsquo;on puisse reconna\u00eetre. L\u2019abstraction appara\u00eet au d\u00e9but du XXe si\u00e8cle, avec l&rsquo;art contemporain.<\/p>\n\n\n\n<p><strong>Figuratif: <\/strong>Se dit des arts qui repr\u00e9sentent une r\u00e9alit\u00e9 perceptible par les sens, notamment la vue. Tout sujet reconnaissable comme la peinture d&rsquo;un objet, d&rsquo;un Paysage&#8230;.<\/p>\n\n\n\n<p class=\"has-text-align-center\"><strong>\u0152UVRES ASSOCI\u00c9ES<\/strong><\/p>\n\n\n\n<div class=\"wp-block-image\"><figure class=\"aligncenter size-large is-resized\"><img loading=\"lazy\" src=\"http:\/\/artplastic.fr\/wp-content\/uploads\/2020\/11\/Jan-Fabre-Danse-de-lHeure-Bleue-1989-Stylo-a-bille-Bic-sur-papier-insecte-1645-x-235-cm.jpg\" alt=\"\" class=\"wp-image-1657\" width=\"406\" height=\"571\" srcset=\"https:\/\/artplastic.fr\/wp-content\/uploads\/2020\/11\/Jan-Fabre-Danse-de-lHeure-Bleue-1989-Stylo-a-bille-Bic-sur-papier-insecte-1645-x-235-cm.jpg 300w, https:\/\/artplastic.fr\/wp-content\/uploads\/2020\/11\/Jan-Fabre-Danse-de-lHeure-Bleue-1989-Stylo-a-bille-Bic-sur-papier-insecte-1645-x-235-cm-213x300.jpg 213w\" sizes=\"(max-width: 406px) 100vw, 406px\" \/><figcaption>Jan Fabre, Danse de l\u2019Heure Bleue 1989 Stylo \u00e0 bille Bic sur papier, insecte 164,5 x 235 cm<\/figcaption><\/figure><\/div>\n\n\n\n<div class=\"wp-block-image\"><figure class=\"aligncenter size-large is-resized\"><img loading=\"lazy\" src=\"http:\/\/artplastic.fr\/wp-content\/uploads\/2020\/11\/Collection-BIC-104-paris-II-LEE.jpg\" alt=\"\" class=\"wp-image-1658\" width=\"567\" height=\"718\" srcset=\"https:\/\/artplastic.fr\/wp-content\/uploads\/2020\/11\/Collection-BIC-104-paris-II-LEE.jpg 498w, https:\/\/artplastic.fr\/wp-content\/uploads\/2020\/11\/Collection-BIC-104-paris-II-LEE-237x300.jpg 237w, https:\/\/artplastic.fr\/wp-content\/uploads\/2020\/11\/Collection-BIC-104-paris-II-LEE-370x469.jpg 370w\" sizes=\"(max-width: 567px) 100vw, 567px\" \/><figcaption>Il LEE, <em>MBL 1302<\/em>, 2013, stylo \u00e0 bille sur papier, 84,5 x 63,5 cm<\/figcaption><\/figure><\/div>\n\n\n\n<p><\/p>\n\n\n\n<div class=\"wp-block-image\"><figure class=\"aligncenter size-large is-resized\"><img loading=\"lazy\" src=\"http:\/\/artplastic.fr\/wp-content\/uploads\/2020\/11\/Thomas-MULLER-Sans-titre-2016-stylo-bille.jpg\" alt=\"\" class=\"wp-image-1659\" width=\"322\" height=\"449\"\/><figcaption>Thomas M\u00dcLLER, <em>Sans titre<\/em>, stylo BIC 2013, 160 x 115 cm<\/figcaption><\/figure><\/div>\n\n\n\n<div class=\"wp-block-image\"><figure class=\"aligncenter size-large\"><img loading=\"lazy\" width=\"701\" height=\"600\" src=\"http:\/\/artplastic.fr\/wp-content\/uploads\/2020\/11\/untitled-firestorm-series-no.-10977-robert-morris-49162-copyright-kroller-muller-museum.jpg\" alt=\"\" class=\"wp-image-1661\" srcset=\"https:\/\/artplastic.fr\/wp-content\/uploads\/2020\/11\/untitled-firestorm-series-no.-10977-robert-morris-49162-copyright-kroller-muller-museum.jpg 701w, https:\/\/artplastic.fr\/wp-content\/uploads\/2020\/11\/untitled-firestorm-series-no.-10977-robert-morris-49162-copyright-kroller-muller-museum-300x257.jpg 300w, https:\/\/artplastic.fr\/wp-content\/uploads\/2020\/11\/untitled-firestorm-series-no.-10977-robert-morris-49162-copyright-kroller-muller-museum-370x317.jpg 370w\" sizes=\"(max-width: 701px) 100vw, 701px\" \/><figcaption>Robert MORRIS, <em>The Miyuki Bridge (Firestorm Series)<\/em>, 1982, encre, fusain et graphite sur papier, 224 x 193,5 cm<\/figcaption><\/figure><\/div>\n\n\n\n<p><\/p>\n\n\n\n<div class=\"wp-block-image\"><figure class=\"aligncenter size-large\"><a href=\"https:\/\/www.arte.tv\/fr\/videos\/085852-004-A\/emil-ferris-et-les-monstres-gentils-tracks\/\"><img loading=\"lazy\" width=\"1024\" height=\"672\" src=\"http:\/\/artplastic.fr\/wp-content\/uploads\/2020\/11\/emil-ferris-monsieur-toussaint-louverture_monstres_planches_double_hd_2-1024x672.jpg\" alt=\"\" class=\"wp-image-1663\" srcset=\"https:\/\/artplastic.fr\/wp-content\/uploads\/2020\/11\/emil-ferris-monsieur-toussaint-louverture_monstres_planches_double_hd_2-1024x672.jpg 1024w, https:\/\/artplastic.fr\/wp-content\/uploads\/2020\/11\/emil-ferris-monsieur-toussaint-louverture_monstres_planches_double_hd_2-300x197.jpg 300w, https:\/\/artplastic.fr\/wp-content\/uploads\/2020\/11\/emil-ferris-monsieur-toussaint-louverture_monstres_planches_double_hd_2-768x504.jpg 768w, https:\/\/artplastic.fr\/wp-content\/uploads\/2020\/11\/emil-ferris-monsieur-toussaint-louverture_monstres_planches_double_hd_2-370x243.jpg 370w, https:\/\/artplastic.fr\/wp-content\/uploads\/2020\/11\/emil-ferris-monsieur-toussaint-louverture_monstres_planches_double_hd_2-1040x683.jpg 1040w, https:\/\/artplastic.fr\/wp-content\/uploads\/2020\/11\/emil-ferris-monsieur-toussaint-louverture_monstres_planches_double_hd_2.jpg 1200w\" sizes=\"(max-width: 1024px) 100vw, 1024px\" \/><\/a><figcaption>Emil Ferris -Moi ce que j&rsquo;aime c&rsquo;est les monstres- Stylo BIC, Album de 800 pages paru en 2016. <br>Cliquer sur l&rsquo;image pour voir une vid\u00e9o.<\/figcaption><\/figure><\/div>\n\n\n\n<div class=\"wp-block-image\"><figure class=\"aligncenter size-large\"><img loading=\"lazy\" width=\"1024\" height=\"672\" src=\"http:\/\/artplastic.fr\/wp-content\/uploads\/2020\/11\/emil-ferris-monsieur-toussaint-louverture_monstres_planches_double_hd_5-1024x672.jpg\" alt=\"\" class=\"wp-image-1664\" srcset=\"https:\/\/artplastic.fr\/wp-content\/uploads\/2020\/11\/emil-ferris-monsieur-toussaint-louverture_monstres_planches_double_hd_5-1024x672.jpg 1024w, https:\/\/artplastic.fr\/wp-content\/uploads\/2020\/11\/emil-ferris-monsieur-toussaint-louverture_monstres_planches_double_hd_5-300x197.jpg 300w, https:\/\/artplastic.fr\/wp-content\/uploads\/2020\/11\/emil-ferris-monsieur-toussaint-louverture_monstres_planches_double_hd_5-768x504.jpg 768w, https:\/\/artplastic.fr\/wp-content\/uploads\/2020\/11\/emil-ferris-monsieur-toussaint-louverture_monstres_planches_double_hd_5-370x243.jpg 370w, https:\/\/artplastic.fr\/wp-content\/uploads\/2020\/11\/emil-ferris-monsieur-toussaint-louverture_monstres_planches_double_hd_5-1040x683.jpg 1040w, https:\/\/artplastic.fr\/wp-content\/uploads\/2020\/11\/emil-ferris-monsieur-toussaint-louverture_monstres_planches_double_hd_5.jpg 1200w\" sizes=\"(max-width: 1024px) 100vw, 1024px\" \/><figcaption>Emil FERRIS, <em>Moi, ce que j\u2019aime, c\u2019est les monstres<\/em>, 2018, roman graphique enti\u00e8rement r\u00e9alis\u00e9 au stylo BIC<\/figcaption><\/figure><\/div>\n\n\n\n<p class=\"has-text-align-center\"> Voir l&rsquo;exposition<a href=\"https:\/\/www.youtube.com\/watch?v=JDbcp1LqbSU&amp;feature=youtu.be\" data-type=\"URL\" data-id=\"https:\/\/www.youtube.com\/watch?v=JDbcp1LqbSU&amp;feature=youtu.be\"> <em>La Collection d\u2019art contemporain BIC\u00ae<\/em> au 104 PARIS-2018<\/a><\/p>\n\n\n\n<p class=\"has-text-align-right\">Source pour le sujet  \u00ab\u00a0Au BIC\u00a0\u00bb: <a href=\"https:\/\/artpla.co\/\" data-type=\"URL\" data-id=\"https:\/\/artpla.co\/\">https:\/\/artpla.co\/<\/a><\/p>\n\n\n\n<hr class=\"wp-block-separator\"\/>\n\n\n\n<p class=\"has-text-align-center has-medium-font-size\"><strong>RETOUR DES \u00c9L\u00c8VES<\/strong><\/p>\n\n\n\n<div style=\"height:44px\" aria-hidden=\"true\" class=\"wp-block-spacer\"><\/div>\n\n\n\n<div class=\"wp-block-image\"><figure class=\"aligncenter size-large is-resized\"><img loading=\"lazy\" src=\"http:\/\/artplastic.fr\/wp-content\/uploads\/2020\/12\/travaux-eleves-11-1-edited-scaled.jpg\" alt=\"\" class=\"wp-image-1909\" width=\"568\" height=\"401\" srcset=\"https:\/\/artplastic.fr\/wp-content\/uploads\/2020\/12\/travaux-eleves-11-1-edited-scaled.jpg 2560w, https:\/\/artplastic.fr\/wp-content\/uploads\/2020\/12\/travaux-eleves-11-1-edited-300x212.jpg 300w, https:\/\/artplastic.fr\/wp-content\/uploads\/2020\/12\/travaux-eleves-11-1-edited-1024x724.jpg 1024w, https:\/\/artplastic.fr\/wp-content\/uploads\/2020\/12\/travaux-eleves-11-1-edited-768x543.jpg 768w, https:\/\/artplastic.fr\/wp-content\/uploads\/2020\/12\/travaux-eleves-11-1-edited-1536x1085.jpg 1536w, https:\/\/artplastic.fr\/wp-content\/uploads\/2020\/12\/travaux-eleves-11-1-edited-2048x1447.jpg 2048w, https:\/\/artplastic.fr\/wp-content\/uploads\/2020\/12\/travaux-eleves-11-1-edited-370x261.jpg 370w, https:\/\/artplastic.fr\/wp-content\/uploads\/2020\/12\/travaux-eleves-11-1-edited-1040x735.jpg 1040w\" sizes=\"(max-width: 568px) 100vw, 568px\" \/><\/figure><\/div>\n\n\n\n<div class=\"wp-block-image\"><figure class=\"aligncenter size-large is-resized\"><img loading=\"lazy\" src=\"http:\/\/artplastic.fr\/wp-content\/uploads\/2020\/12\/travaux-eleves-13-1-1024x673.jpg\" alt=\"\" class=\"wp-image-1853\" width=\"571\" height=\"375\" srcset=\"https:\/\/artplastic.fr\/wp-content\/uploads\/2020\/12\/travaux-eleves-13-1-1024x673.jpg 1024w, https:\/\/artplastic.fr\/wp-content\/uploads\/2020\/12\/travaux-eleves-13-1-300x197.jpg 300w, https:\/\/artplastic.fr\/wp-content\/uploads\/2020\/12\/travaux-eleves-13-1-768x505.jpg 768w, https:\/\/artplastic.fr\/wp-content\/uploads\/2020\/12\/travaux-eleves-13-1-1536x1010.jpg 1536w, https:\/\/artplastic.fr\/wp-content\/uploads\/2020\/12\/travaux-eleves-13-1-370x243.jpg 370w, https:\/\/artplastic.fr\/wp-content\/uploads\/2020\/12\/travaux-eleves-13-1-1040x684.jpg 1040w, https:\/\/artplastic.fr\/wp-content\/uploads\/2020\/12\/travaux-eleves-13-1.jpg 1922w\" sizes=\"(max-width: 571px) 100vw, 571px\" \/><\/figure><\/div>\n\n\n\n<div class=\"wp-block-image\"><figure class=\"aligncenter size-large is-resized\"><img loading=\"lazy\" src=\"http:\/\/artplastic.fr\/wp-content\/uploads\/2020\/12\/travaux-eleves-4-1-edited-scaled.jpg\" alt=\"\" class=\"wp-image-1908\" width=\"571\" height=\"428\" srcset=\"https:\/\/artplastic.fr\/wp-content\/uploads\/2020\/12\/travaux-eleves-4-1-edited-scaled.jpg 2560w, https:\/\/artplastic.fr\/wp-content\/uploads\/2020\/12\/travaux-eleves-4-1-edited-300x225.jpg 300w, https:\/\/artplastic.fr\/wp-content\/uploads\/2020\/12\/travaux-eleves-4-1-edited-1024x768.jpg 1024w, https:\/\/artplastic.fr\/wp-content\/uploads\/2020\/12\/travaux-eleves-4-1-edited-768x576.jpg 768w, https:\/\/artplastic.fr\/wp-content\/uploads\/2020\/12\/travaux-eleves-4-1-edited-1536x1152.jpg 1536w, https:\/\/artplastic.fr\/wp-content\/uploads\/2020\/12\/travaux-eleves-4-1-edited-2048x1536.jpg 2048w, https:\/\/artplastic.fr\/wp-content\/uploads\/2020\/12\/travaux-eleves-4-1-edited-370x278.jpg 370w, https:\/\/artplastic.fr\/wp-content\/uploads\/2020\/12\/travaux-eleves-4-1-edited-1040x780.jpg 1040w\" sizes=\"(max-width: 571px) 100vw, 571px\" \/><\/figure><\/div>\n\n\n\n<figure class=\"wp-block-gallery columns-3 is-cropped\"><ul class=\"blocks-gallery-grid\"><li class=\"blocks-gallery-item\"><figure><img loading=\"lazy\" width=\"457\" height=\"602\" src=\"http:\/\/artplastic.fr\/wp-content\/uploads\/2020\/12\/travaux-eleves-15.jpg\" alt=\"\" data-id=\"1855\" data-full-url=\"http:\/\/artplastic.fr\/wp-content\/uploads\/2020\/12\/travaux-eleves-15.jpg\" data-link=\"http:\/\/artplastic.fr\/?attachment_id=1855\" class=\"wp-image-1855\" srcset=\"https:\/\/artplastic.fr\/wp-content\/uploads\/2020\/12\/travaux-eleves-15.jpg 457w, https:\/\/artplastic.fr\/wp-content\/uploads\/2020\/12\/travaux-eleves-15-228x300.jpg 228w, https:\/\/artplastic.fr\/wp-content\/uploads\/2020\/12\/travaux-eleves-15-370x487.jpg 370w\" sizes=\"(max-width: 457px) 100vw, 457px\" \/><\/figure><\/li><li class=\"blocks-gallery-item\"><figure><img loading=\"lazy\" width=\"1024\" height=\"749\" src=\"http:\/\/artplastic.fr\/wp-content\/uploads\/2020\/12\/travaux-eleves-10-1-1024x749.jpg\" alt=\"\" data-id=\"1850\" data-full-url=\"http:\/\/artplastic.fr\/wp-content\/uploads\/2020\/12\/travaux-eleves-10-1-scaled.jpg\" data-link=\"http:\/\/artplastic.fr\/?attachment_id=1850\" class=\"wp-image-1850\" srcset=\"https:\/\/artplastic.fr\/wp-content\/uploads\/2020\/12\/travaux-eleves-10-1-1024x749.jpg 1024w, https:\/\/artplastic.fr\/wp-content\/uploads\/2020\/12\/travaux-eleves-10-1-300x219.jpg 300w, https:\/\/artplastic.fr\/wp-content\/uploads\/2020\/12\/travaux-eleves-10-1-768x561.jpg 768w, https:\/\/artplastic.fr\/wp-content\/uploads\/2020\/12\/travaux-eleves-10-1-1536x1123.jpg 1536w, https:\/\/artplastic.fr\/wp-content\/uploads\/2020\/12\/travaux-eleves-10-1-2048x1497.jpg 2048w, https:\/\/artplastic.fr\/wp-content\/uploads\/2020\/12\/travaux-eleves-10-1-370x271.jpg 370w, https:\/\/artplastic.fr\/wp-content\/uploads\/2020\/12\/travaux-eleves-10-1-1040x760.jpg 1040w\" sizes=\"(max-width: 1024px) 100vw, 1024px\" \/><\/figure><\/li><li class=\"blocks-gallery-item\"><figure><img loading=\"lazy\" width=\"1024\" height=\"956\" src=\"http:\/\/artplastic.fr\/wp-content\/uploads\/2020\/12\/travaux-eleves-9-1-1024x956.jpg\" alt=\"\" data-id=\"1849\" data-full-url=\"http:\/\/artplastic.fr\/wp-content\/uploads\/2020\/12\/travaux-eleves-9-1.jpg\" data-link=\"http:\/\/artplastic.fr\/?attachment_id=1849\" class=\"wp-image-1849\" srcset=\"https:\/\/artplastic.fr\/wp-content\/uploads\/2020\/12\/travaux-eleves-9-1-1024x956.jpg 1024w, https:\/\/artplastic.fr\/wp-content\/uploads\/2020\/12\/travaux-eleves-9-1-300x280.jpg 300w, https:\/\/artplastic.fr\/wp-content\/uploads\/2020\/12\/travaux-eleves-9-1-768x717.jpg 768w, https:\/\/artplastic.fr\/wp-content\/uploads\/2020\/12\/travaux-eleves-9-1-1536x1434.jpg 1536w, https:\/\/artplastic.fr\/wp-content\/uploads\/2020\/12\/travaux-eleves-9-1-370x346.jpg 370w, https:\/\/artplastic.fr\/wp-content\/uploads\/2020\/12\/travaux-eleves-9-1-1040x971.jpg 1040w, https:\/\/artplastic.fr\/wp-content\/uploads\/2020\/12\/travaux-eleves-9-1.jpg 1800w\" sizes=\"(max-width: 1024px) 100vw, 1024px\" \/><\/figure><\/li><li class=\"blocks-gallery-item\"><figure><img loading=\"lazy\" width=\"768\" height=\"1024\" src=\"http:\/\/artplastic.fr\/wp-content\/uploads\/2020\/12\/travaux-eleves-7-1-768x1024.jpg\" alt=\"\" data-id=\"1847\" data-full-url=\"http:\/\/artplastic.fr\/wp-content\/uploads\/2020\/12\/travaux-eleves-7-1.jpg\" data-link=\"http:\/\/artplastic.fr\/?attachment_id=1847\" class=\"wp-image-1847\" srcset=\"https:\/\/artplastic.fr\/wp-content\/uploads\/2020\/12\/travaux-eleves-7-1-768x1024.jpg 768w, https:\/\/artplastic.fr\/wp-content\/uploads\/2020\/12\/travaux-eleves-7-1-225x300.jpg 225w, https:\/\/artplastic.fr\/wp-content\/uploads\/2020\/12\/travaux-eleves-7-1-370x493.jpg 370w, https:\/\/artplastic.fr\/wp-content\/uploads\/2020\/12\/travaux-eleves-7-1.jpg 780w\" sizes=\"(max-width: 768px) 100vw, 768px\" \/><\/figure><\/li><li class=\"blocks-gallery-item\"><figure><img loading=\"lazy\" width=\"647\" height=\"912\" src=\"http:\/\/artplastic.fr\/wp-content\/uploads\/2020\/12\/travaux-eleves-6-1.jpg\" alt=\"\" data-id=\"1846\" data-full-url=\"http:\/\/artplastic.fr\/wp-content\/uploads\/2020\/12\/travaux-eleves-6-1.jpg\" data-link=\"http:\/\/artplastic.fr\/?attachment_id=1846\" class=\"wp-image-1846\" srcset=\"https:\/\/artplastic.fr\/wp-content\/uploads\/2020\/12\/travaux-eleves-6-1.jpg 647w, https:\/\/artplastic.fr\/wp-content\/uploads\/2020\/12\/travaux-eleves-6-1-213x300.jpg 213w, https:\/\/artplastic.fr\/wp-content\/uploads\/2020\/12\/travaux-eleves-6-1-370x522.jpg 370w\" sizes=\"(max-width: 647px) 100vw, 647px\" \/><\/figure><\/li><li class=\"blocks-gallery-item\"><figure><img loading=\"lazy\" width=\"1024\" height=\"707\" src=\"http:\/\/artplastic.fr\/wp-content\/uploads\/2020\/12\/travaux-eleves-5-1-1024x707.jpg\" alt=\"\" data-id=\"1845\" data-full-url=\"http:\/\/artplastic.fr\/wp-content\/uploads\/2020\/12\/travaux-eleves-5-1-scaled.jpg\" data-link=\"http:\/\/artplastic.fr\/?attachment_id=1845\" class=\"wp-image-1845\" srcset=\"https:\/\/artplastic.fr\/wp-content\/uploads\/2020\/12\/travaux-eleves-5-1-1024x707.jpg 1024w, https:\/\/artplastic.fr\/wp-content\/uploads\/2020\/12\/travaux-eleves-5-1-300x207.jpg 300w, https:\/\/artplastic.fr\/wp-content\/uploads\/2020\/12\/travaux-eleves-5-1-768x530.jpg 768w, https:\/\/artplastic.fr\/wp-content\/uploads\/2020\/12\/travaux-eleves-5-1-1536x1060.jpg 1536w, https:\/\/artplastic.fr\/wp-content\/uploads\/2020\/12\/travaux-eleves-5-1-2048x1413.jpg 2048w, https:\/\/artplastic.fr\/wp-content\/uploads\/2020\/12\/travaux-eleves-5-1-370x255.jpg 370w, https:\/\/artplastic.fr\/wp-content\/uploads\/2020\/12\/travaux-eleves-5-1-1040x718.jpg 1040w\" sizes=\"(max-width: 1024px) 100vw, 1024px\" \/><\/figure><\/li><li class=\"blocks-gallery-item\"><figure><img loading=\"lazy\" width=\"1024\" height=\"768\" src=\"http:\/\/artplastic.fr\/wp-content\/uploads\/2020\/12\/travaux-eleves-3-1-1024x768.jpg\" alt=\"\" data-id=\"1843\" data-full-url=\"http:\/\/artplastic.fr\/wp-content\/uploads\/2020\/12\/travaux-eleves-3-1-scaled.jpg\" data-link=\"http:\/\/artplastic.fr\/?attachment_id=1843\" class=\"wp-image-1843\" srcset=\"https:\/\/artplastic.fr\/wp-content\/uploads\/2020\/12\/travaux-eleves-3-1-1024x768.jpg 1024w, https:\/\/artplastic.fr\/wp-content\/uploads\/2020\/12\/travaux-eleves-3-1-300x225.jpg 300w, https:\/\/artplastic.fr\/wp-content\/uploads\/2020\/12\/travaux-eleves-3-1-768x576.jpg 768w, https:\/\/artplastic.fr\/wp-content\/uploads\/2020\/12\/travaux-eleves-3-1-1536x1152.jpg 1536w, https:\/\/artplastic.fr\/wp-content\/uploads\/2020\/12\/travaux-eleves-3-1-2048x1536.jpg 2048w, https:\/\/artplastic.fr\/wp-content\/uploads\/2020\/12\/travaux-eleves-3-1-370x278.jpg 370w, https:\/\/artplastic.fr\/wp-content\/uploads\/2020\/12\/travaux-eleves-3-1-1040x780.jpg 1040w\" sizes=\"(max-width: 1024px) 100vw, 1024px\" \/><\/figure><\/li><li class=\"blocks-gallery-item\"><figure><img loading=\"lazy\" width=\"768\" height=\"1024\" src=\"http:\/\/artplastic.fr\/wp-content\/uploads\/2020\/12\/travaux-eleves-1-1-768x1024.jpg\" alt=\"\" data-id=\"1839\" data-full-url=\"http:\/\/artplastic.fr\/wp-content\/uploads\/2020\/12\/travaux-eleves-1-1-scaled.jpg\" data-link=\"http:\/\/artplastic.fr\/?attachment_id=1839\" class=\"wp-image-1839\" srcset=\"https:\/\/artplastic.fr\/wp-content\/uploads\/2020\/12\/travaux-eleves-1-1-768x1024.jpg 768w, https:\/\/artplastic.fr\/wp-content\/uploads\/2020\/12\/travaux-eleves-1-1-225x300.jpg 225w, https:\/\/artplastic.fr\/wp-content\/uploads\/2020\/12\/travaux-eleves-1-1-1152x1536.jpg 1152w, https:\/\/artplastic.fr\/wp-content\/uploads\/2020\/12\/travaux-eleves-1-1-1536x2048.jpg 1536w, https:\/\/artplastic.fr\/wp-content\/uploads\/2020\/12\/travaux-eleves-1-1-370x493.jpg 370w, https:\/\/artplastic.fr\/wp-content\/uploads\/2020\/12\/travaux-eleves-1-1-1040x1387.jpg 1040w, https:\/\/artplastic.fr\/wp-content\/uploads\/2020\/12\/travaux-eleves-1-1-scaled.jpg 1920w\" sizes=\"(max-width: 768px) 100vw, 768px\" \/><\/figure><\/li><\/ul><\/figure>\n\n\n\n<div class=\"wp-block-image\"><figure class=\"aligncenter size-large\"><img loading=\"lazy\" width=\"640\" height=\"455\" src=\"http:\/\/artplastic.fr\/wp-content\/uploads\/2020\/12\/travaux-eleves-1-1.jpeg\" alt=\"\" class=\"wp-image-1838\" srcset=\"https:\/\/artplastic.fr\/wp-content\/uploads\/2020\/12\/travaux-eleves-1-1.jpeg 640w, https:\/\/artplastic.fr\/wp-content\/uploads\/2020\/12\/travaux-eleves-1-1-300x213.jpeg 300w, https:\/\/artplastic.fr\/wp-content\/uploads\/2020\/12\/travaux-eleves-1-1-370x263.jpeg 370w\" sizes=\"(max-width: 640px) 100vw, 640px\" \/><\/figure><\/div>\n\n\n\n<div class=\"wp-block-image\"><figure class=\"aligncenter size-large is-resized\"><img loading=\"lazy\" src=\"http:\/\/artplastic.fr\/wp-content\/uploads\/2020\/12\/travaux-eleves-14-1-1024x735.jpg\" alt=\"\" class=\"wp-image-1854\" width=\"632\" height=\"453\" srcset=\"https:\/\/artplastic.fr\/wp-content\/uploads\/2020\/12\/travaux-eleves-14-1-1024x735.jpg 1024w, https:\/\/artplastic.fr\/wp-content\/uploads\/2020\/12\/travaux-eleves-14-1-300x215.jpg 300w, https:\/\/artplastic.fr\/wp-content\/uploads\/2020\/12\/travaux-eleves-14-1-768x551.jpg 768w, https:\/\/artplastic.fr\/wp-content\/uploads\/2020\/12\/travaux-eleves-14-1-1536x1103.jpg 1536w, https:\/\/artplastic.fr\/wp-content\/uploads\/2020\/12\/travaux-eleves-14-1-2048x1470.jpg 2048w, https:\/\/artplastic.fr\/wp-content\/uploads\/2020\/12\/travaux-eleves-14-1-370x266.jpg 370w, https:\/\/artplastic.fr\/wp-content\/uploads\/2020\/12\/travaux-eleves-14-1-1040x747.jpg 1040w\" sizes=\"(max-width: 632px) 100vw, 632px\" \/><\/figure><\/div>\n\n\n\n<div class=\"wp-block-image\"><figure class=\"aligncenter size-large\"><img loading=\"lazy\" width=\"640\" height=\"480\" src=\"http:\/\/artplastic.fr\/wp-content\/uploads\/2020\/12\/travaux-eleves-12-1.jpg\" alt=\"\" class=\"wp-image-1852\" srcset=\"https:\/\/artplastic.fr\/wp-content\/uploads\/2020\/12\/travaux-eleves-12-1.jpg 640w, https:\/\/artplastic.fr\/wp-content\/uploads\/2020\/12\/travaux-eleves-12-1-300x225.jpg 300w, https:\/\/artplastic.fr\/wp-content\/uploads\/2020\/12\/travaux-eleves-12-1-370x278.jpg 370w\" sizes=\"(max-width: 640px) 100vw, 640px\" \/><\/figure><\/div>\n\n\n\n<div class=\"wp-block-buttons alignright\">\n<div class=\"wp-block-button\"><a class=\"wp-block-button__link has-text-color has-background\" href=\"http:\/\/artplastic.fr\/?p=1571\" style=\"background:linear-gradient(135deg,rgb(255,245,203) 0%,rgb(182,227,212) 50%,rgb(51,167,181) 91%);color:#0a679d\">RETOUR<\/a><\/div>\n<\/div>\n","protected":false},"excerpt":{"rendered":"<p>Travail graphique sur le passage de l&rsquo;abstraction \u00e0 la figuration \u00e0 travers un outil particulier: Le stylo BIC . Commencez par regarder la vid\u00e9o des 5e : La machine \u00e0 dessiner cliquez ici La machine[&#8230;]<\/p>\n","protected":false},"author":1,"featured_media":0,"parent":0,"menu_order":0,"comment_status":"closed","ping_status":"closed","template":"","meta":[],"_links":{"self":[{"href":"https:\/\/artplastic.fr\/index.php?rest_route=\/wp\/v2\/pages\/1651"}],"collection":[{"href":"https:\/\/artplastic.fr\/index.php?rest_route=\/wp\/v2\/pages"}],"about":[{"href":"https:\/\/artplastic.fr\/index.php?rest_route=\/wp\/v2\/types\/page"}],"author":[{"embeddable":true,"href":"https:\/\/artplastic.fr\/index.php?rest_route=\/wp\/v2\/users\/1"}],"replies":[{"embeddable":true,"href":"https:\/\/artplastic.fr\/index.php?rest_route=%2Fwp%2Fv2%2Fcomments&post=1651"}],"version-history":[{"count":29,"href":"https:\/\/artplastic.fr\/index.php?rest_route=\/wp\/v2\/pages\/1651\/revisions"}],"predecessor-version":[{"id":1913,"href":"https:\/\/artplastic.fr\/index.php?rest_route=\/wp\/v2\/pages\/1651\/revisions\/1913"}],"wp:attachment":[{"href":"https:\/\/artplastic.fr\/index.php?rest_route=%2Fwp%2Fv2%2Fmedia&parent=1651"}],"curies":[{"name":"wp","href":"https:\/\/api.w.org\/{rel}","templated":true}]}}