{"id":1169,"date":"2019-07-02T11:00:32","date_gmt":"2019-07-02T09:00:32","guid":{"rendered":"http:\/\/artplastic.fr\/?page_id=1169"},"modified":"2019-07-02T14:37:33","modified_gmt":"2019-07-02T12:37:33","slug":"la-journee-ensemble-pour-la-fresque","status":"publish","type":"page","link":"https:\/\/artplastic.fr\/?page_id=1169","title":{"rendered":"La Journ\u00e9e ensemble pour la fresque"},"content":{"rendered":"<p style=\"text-align: center;\">La pose des bandes de scotch sur les panneaux, en \u00e9quipe (grands\/petit),\u00a0 pour d\u00e9limiter les zones \u00e0 peindre.<\/p>\n<p><img loading=\"lazy\" class=\"wp-image-1091 alignleft\" src=\"http:\/\/artplastic.fr\/wp-content\/uploads\/2019\/07\/DSC00080_1.jpg\" alt=\"\" width=\"407\" height=\"305\" srcset=\"https:\/\/artplastic.fr\/wp-content\/uploads\/2019\/07\/DSC00080_1.jpg 800w, https:\/\/artplastic.fr\/wp-content\/uploads\/2019\/07\/DSC00080_1-300x225.jpg 300w, https:\/\/artplastic.fr\/wp-content\/uploads\/2019\/07\/DSC00080_1-768x576.jpg 768w, https:\/\/artplastic.fr\/wp-content\/uploads\/2019\/07\/DSC00080_1-370x278.jpg 370w\" sizes=\"(max-width: 407px) 100vw, 407px\" \/><\/p>\n<p><img loading=\"lazy\" class=\"wp-image-1097 alignnone\" src=\"http:\/\/artplastic.fr\/wp-content\/uploads\/2019\/07\/DSC00114_1.jpg\" alt=\"\" width=\"407\" height=\"306\" srcset=\"https:\/\/artplastic.fr\/wp-content\/uploads\/2019\/07\/DSC00114_1.jpg 800w, https:\/\/artplastic.fr\/wp-content\/uploads\/2019\/07\/DSC00114_1-300x225.jpg 300w, https:\/\/artplastic.fr\/wp-content\/uploads\/2019\/07\/DSC00114_1-768x576.jpg 768w, https:\/\/artplastic.fr\/wp-content\/uploads\/2019\/07\/DSC00114_1-370x278.jpg 370w\" sizes=\"(max-width: 407px) 100vw, 407px\" \/><\/p>\n<p><img loading=\"lazy\" class=\" wp-image-1118 aligncenter\" src=\"http:\/\/artplastic.fr\/wp-content\/uploads\/2019\/07\/IMG_1156_1.jpg\" alt=\"\" width=\"892\" height=\"669\" srcset=\"https:\/\/artplastic.fr\/wp-content\/uploads\/2019\/07\/IMG_1156_1.jpg 800w, https:\/\/artplastic.fr\/wp-content\/uploads\/2019\/07\/IMG_1156_1-300x225.jpg 300w, https:\/\/artplastic.fr\/wp-content\/uploads\/2019\/07\/IMG_1156_1-768x576.jpg 768w, https:\/\/artplastic.fr\/wp-content\/uploads\/2019\/07\/IMG_1156_1-370x278.jpg 370w\" sizes=\"(max-width: 892px) 100vw, 892px\" \/><\/p>\n<p><img loading=\"lazy\" class=\"wp-image-1093 alignnone\" src=\"http:\/\/artplastic.fr\/wp-content\/uploads\/2019\/07\/DSC00090_1.jpg\" alt=\"\" width=\"399\" height=\"299\" srcset=\"https:\/\/artplastic.fr\/wp-content\/uploads\/2019\/07\/DSC00090_1.jpg 800w, https:\/\/artplastic.fr\/wp-content\/uploads\/2019\/07\/DSC00090_1-300x225.jpg 300w, https:\/\/artplastic.fr\/wp-content\/uploads\/2019\/07\/DSC00090_1-768x576.jpg 768w, https:\/\/artplastic.fr\/wp-content\/uploads\/2019\/07\/DSC00090_1-370x278.jpg 370w\" sizes=\"(max-width: 399px) 100vw, 399px\" \/><img loading=\"lazy\" class=\"wp-image-1092 alignright\" src=\"http:\/\/artplastic.fr\/wp-content\/uploads\/2019\/07\/DSC00083_1.jpg\" alt=\"\" width=\"396\" height=\"297\" srcset=\"https:\/\/artplastic.fr\/wp-content\/uploads\/2019\/07\/DSC00083_1.jpg 800w, https:\/\/artplastic.fr\/wp-content\/uploads\/2019\/07\/DSC00083_1-300x225.jpg 300w, https:\/\/artplastic.fr\/wp-content\/uploads\/2019\/07\/DSC00083_1-768x576.jpg 768w, https:\/\/artplastic.fr\/wp-content\/uploads\/2019\/07\/DSC00083_1-370x278.jpg 370w\" sizes=\"(max-width: 396px) 100vw, 396px\" \/><\/p>\n<p style=\"text-align: center;\">Les premiers essais d&rsquo;utilisation des bombes a\u00e9rosols et des Poscas sur une bande de papier.<\/p>\n<p><img loading=\"lazy\" class=\"size-full wp-image-1116 aligncenter\" src=\"http:\/\/artplastic.fr\/wp-content\/uploads\/2019\/07\/IMG_1052_1.jpg\" alt=\"\" width=\"800\" height=\"600\" srcset=\"https:\/\/artplastic.fr\/wp-content\/uploads\/2019\/07\/IMG_1052_1.jpg 800w, https:\/\/artplastic.fr\/wp-content\/uploads\/2019\/07\/IMG_1052_1-300x225.jpg 300w, https:\/\/artplastic.fr\/wp-content\/uploads\/2019\/07\/IMG_1052_1-768x576.jpg 768w, https:\/\/artplastic.fr\/wp-content\/uploads\/2019\/07\/IMG_1052_1-370x278.jpg 370w\" sizes=\"(max-width: 800px) 100vw, 800px\" \/><\/p>\n<p><img loading=\"lazy\" class=\"wp-image-1115 alignleft\" src=\"http:\/\/artplastic.fr\/wp-content\/uploads\/2019\/07\/IMG_1045_1.jpg\" alt=\"\" width=\"420\" height=\"315\" srcset=\"https:\/\/artplastic.fr\/wp-content\/uploads\/2019\/07\/IMG_1045_1.jpg 800w, https:\/\/artplastic.fr\/wp-content\/uploads\/2019\/07\/IMG_1045_1-300x225.jpg 300w, https:\/\/artplastic.fr\/wp-content\/uploads\/2019\/07\/IMG_1045_1-768x576.jpg 768w, https:\/\/artplastic.fr\/wp-content\/uploads\/2019\/07\/IMG_1045_1-370x278.jpg 370w\" sizes=\"(max-width: 420px) 100vw, 420px\" \/><\/p>\n<p>&nbsp;<\/p>\n<p><img loading=\"lazy\" class=\"wp-image-1111 alignnone\" src=\"http:\/\/artplastic.fr\/wp-content\/uploads\/2019\/07\/IMG_0791_1.jpg\" alt=\"\" width=\"415\" height=\"311\" srcset=\"https:\/\/artplastic.fr\/wp-content\/uploads\/2019\/07\/IMG_0791_1.jpg 800w, https:\/\/artplastic.fr\/wp-content\/uploads\/2019\/07\/IMG_0791_1-300x225.jpg 300w, https:\/\/artplastic.fr\/wp-content\/uploads\/2019\/07\/IMG_0791_1-768x576.jpg 768w, https:\/\/artplastic.fr\/wp-content\/uploads\/2019\/07\/IMG_0791_1-370x278.jpg 370w\" sizes=\"(max-width: 415px) 100vw, 415px\" \/><\/p>\n<p>&nbsp;<\/p>\n<p><img loading=\"lazy\" class=\"size-full wp-image-1110 aligncenter\" src=\"http:\/\/artplastic.fr\/wp-content\/uploads\/2019\/07\/IMG_0771_1.jpg\" alt=\"\" width=\"800\" height=\"600\" srcset=\"https:\/\/artplastic.fr\/wp-content\/uploads\/2019\/07\/IMG_0771_1.jpg 800w, https:\/\/artplastic.fr\/wp-content\/uploads\/2019\/07\/IMG_0771_1-300x225.jpg 300w, https:\/\/artplastic.fr\/wp-content\/uploads\/2019\/07\/IMG_0771_1-768x576.jpg 768w, https:\/\/artplastic.fr\/wp-content\/uploads\/2019\/07\/IMG_0771_1-370x278.jpg 370w\" sizes=\"(max-width: 800px) 100vw, 800px\" \/><\/p>\n<p>&nbsp;<\/p>\n<p><img loading=\"lazy\" class=\"wp-image-1114 alignleft\" src=\"http:\/\/artplastic.fr\/wp-content\/uploads\/2019\/07\/IMG_0804_1.jpg\" alt=\"\" width=\"439\" height=\"329\" srcset=\"https:\/\/artplastic.fr\/wp-content\/uploads\/2019\/07\/IMG_0804_1.jpg 800w, https:\/\/artplastic.fr\/wp-content\/uploads\/2019\/07\/IMG_0804_1-300x225.jpg 300w, https:\/\/artplastic.fr\/wp-content\/uploads\/2019\/07\/IMG_0804_1-768x576.jpg 768w, https:\/\/artplastic.fr\/wp-content\/uploads\/2019\/07\/IMG_0804_1-370x278.jpg 370w\" sizes=\"(max-width: 439px) 100vw, 439px\" \/><\/p>\n<p><img loading=\"lazy\" class=\"wp-image-1120 alignnone\" src=\"http:\/\/artplastic.fr\/wp-content\/uploads\/2019\/07\/IMG_1163_1.jpg\" alt=\"\" width=\"443\" height=\"332\" srcset=\"https:\/\/artplastic.fr\/wp-content\/uploads\/2019\/07\/IMG_1163_1.jpg 800w, https:\/\/artplastic.fr\/wp-content\/uploads\/2019\/07\/IMG_1163_1-300x225.jpg 300w, https:\/\/artplastic.fr\/wp-content\/uploads\/2019\/07\/IMG_1163_1-768x576.jpg 768w, https:\/\/artplastic.fr\/wp-content\/uploads\/2019\/07\/IMG_1163_1-370x278.jpg 370w\" sizes=\"(max-width: 443px) 100vw, 443px\" \/><\/p>\n<p>&nbsp;<\/p>\n<p><img loading=\"lazy\" class=\"size-full wp-image-1119 aligncenter\" src=\"http:\/\/artplastic.fr\/wp-content\/uploads\/2019\/07\/IMG_1160_1.jpg\" alt=\"\" width=\"800\" height=\"1066\" srcset=\"https:\/\/artplastic.fr\/wp-content\/uploads\/2019\/07\/IMG_1160_1.jpg 800w, https:\/\/artplastic.fr\/wp-content\/uploads\/2019\/07\/IMG_1160_1-225x300.jpg 225w, https:\/\/artplastic.fr\/wp-content\/uploads\/2019\/07\/IMG_1160_1-768x1024.jpg 768w, https:\/\/artplastic.fr\/wp-content\/uploads\/2019\/07\/IMG_1160_1-370x493.jpg 370w\" sizes=\"(max-width: 800px) 100vw, 800px\" \/><\/p>\n<p><img loading=\"lazy\" class=\"size-full wp-image-1105 aligncenter\" src=\"http:\/\/artplastic.fr\/wp-content\/uploads\/2019\/07\/DSC00175_1.jpg\" alt=\"\" width=\"800\" height=\"600\" srcset=\"https:\/\/artplastic.fr\/wp-content\/uploads\/2019\/07\/DSC00175_1.jpg 800w, https:\/\/artplastic.fr\/wp-content\/uploads\/2019\/07\/DSC00175_1-300x225.jpg 300w, https:\/\/artplastic.fr\/wp-content\/uploads\/2019\/07\/DSC00175_1-768x576.jpg 768w, https:\/\/artplastic.fr\/wp-content\/uploads\/2019\/07\/DSC00175_1-370x278.jpg 370w\" sizes=\"(max-width: 800px) 100vw, 800px\" \/><\/p>\n<p style=\"text-align: center;\">Retour sur les panneaux pour le remplissage avec les bombes a\u00e9rosols.<\/p>\n<p><img loading=\"lazy\" class=\"size-full wp-image-1123 aligncenter\" src=\"http:\/\/artplastic.fr\/wp-content\/uploads\/2019\/07\/IMG_1183_1.jpg\" alt=\"\" width=\"800\" height=\"600\" srcset=\"https:\/\/artplastic.fr\/wp-content\/uploads\/2019\/07\/IMG_1183_1.jpg 800w, https:\/\/artplastic.fr\/wp-content\/uploads\/2019\/07\/IMG_1183_1-300x225.jpg 300w, https:\/\/artplastic.fr\/wp-content\/uploads\/2019\/07\/IMG_1183_1-768x576.jpg 768w, https:\/\/artplastic.fr\/wp-content\/uploads\/2019\/07\/IMG_1183_1-370x278.jpg 370w\" sizes=\"(max-width: 800px) 100vw, 800px\" \/><\/p>\n<p>&nbsp;<\/p>\n<p><img loading=\"lazy\" class=\"size-full wp-image-1108 aligncenter\" src=\"http:\/\/artplastic.fr\/wp-content\/uploads\/2019\/07\/DSC00220_1.jpg\" alt=\"\" width=\"800\" height=\"600\" srcset=\"https:\/\/artplastic.fr\/wp-content\/uploads\/2019\/07\/DSC00220_1.jpg 800w, https:\/\/artplastic.fr\/wp-content\/uploads\/2019\/07\/DSC00220_1-300x225.jpg 300w, https:\/\/artplastic.fr\/wp-content\/uploads\/2019\/07\/DSC00220_1-768x576.jpg 768w, https:\/\/artplastic.fr\/wp-content\/uploads\/2019\/07\/DSC00220_1-370x278.jpg 370w\" sizes=\"(max-width: 800px) 100vw, 800px\" \/><\/p>\n<p><img loading=\"lazy\" class=\"wp-image-1106 alignleft\" src=\"http:\/\/artplastic.fr\/wp-content\/uploads\/2019\/07\/DSC00196_1.jpg\" alt=\"\" width=\"396\" height=\"528\" srcset=\"https:\/\/artplastic.fr\/wp-content\/uploads\/2019\/07\/DSC00196_1.jpg 800w, https:\/\/artplastic.fr\/wp-content\/uploads\/2019\/07\/DSC00196_1-225x300.jpg 225w, https:\/\/artplastic.fr\/wp-content\/uploads\/2019\/07\/DSC00196_1-768x1024.jpg 768w, https:\/\/artplastic.fr\/wp-content\/uploads\/2019\/07\/DSC00196_1-370x493.jpg 370w\" sizes=\"(max-width: 396px) 100vw, 396px\" \/><\/p>\n<p><img loading=\"lazy\" class=\"wp-image-1107 alignnone\" src=\"http:\/\/artplastic.fr\/wp-content\/uploads\/2019\/07\/DSC00217_1.jpg\" alt=\"\" width=\"402\" height=\"535\" srcset=\"https:\/\/artplastic.fr\/wp-content\/uploads\/2019\/07\/DSC00217_1.jpg 800w, https:\/\/artplastic.fr\/wp-content\/uploads\/2019\/07\/DSC00217_1-225x300.jpg 225w, https:\/\/artplastic.fr\/wp-content\/uploads\/2019\/07\/DSC00217_1-768x1024.jpg 768w, https:\/\/artplastic.fr\/wp-content\/uploads\/2019\/07\/DSC00217_1-370x493.jpg 370w\" sizes=\"(max-width: 402px) 100vw, 402px\" \/><\/p>\n<p>&nbsp;<\/p>\n<p style=\"text-align: center;\">Ajustements et finitions en fin d\u2019apr\u00e8s midi<\/p>\n<p><img loading=\"lazy\" class=\"size-full wp-image-1132 aligncenter\" src=\"http:\/\/artplastic.fr\/wp-content\/uploads\/2019\/07\/IMG_1218_1.jpg\" alt=\"\" width=\"800\" height=\"600\" srcset=\"https:\/\/artplastic.fr\/wp-content\/uploads\/2019\/07\/IMG_1218_1.jpg 800w, https:\/\/artplastic.fr\/wp-content\/uploads\/2019\/07\/IMG_1218_1-300x225.jpg 300w, https:\/\/artplastic.fr\/wp-content\/uploads\/2019\/07\/IMG_1218_1-768x576.jpg 768w, https:\/\/artplastic.fr\/wp-content\/uploads\/2019\/07\/IMG_1218_1-370x278.jpg 370w\" sizes=\"(max-width: 800px) 100vw, 800px\" \/><\/p>\n<p>&nbsp;<\/p>\n<p>&nbsp;<\/p>\n<p><img loading=\"lazy\" class=\"size-full wp-image-1131 aligncenter\" src=\"http:\/\/artplastic.fr\/wp-content\/uploads\/2019\/07\/IMG_1217_1.jpg\" alt=\"\" width=\"800\" height=\"600\" srcset=\"https:\/\/artplastic.fr\/wp-content\/uploads\/2019\/07\/IMG_1217_1.jpg 800w, https:\/\/artplastic.fr\/wp-content\/uploads\/2019\/07\/IMG_1217_1-300x225.jpg 300w, https:\/\/artplastic.fr\/wp-content\/uploads\/2019\/07\/IMG_1217_1-768x576.jpg 768w, https:\/\/artplastic.fr\/wp-content\/uploads\/2019\/07\/IMG_1217_1-370x278.jpg 370w\" sizes=\"(max-width: 800px) 100vw, 800px\" \/><\/p>\n<p><img loading=\"lazy\" class=\"size-full wp-image-1130 aligncenter\" src=\"http:\/\/artplastic.fr\/wp-content\/uploads\/2019\/07\/IMG_1213_1.jpg\" alt=\"\" width=\"800\" height=\"600\" srcset=\"https:\/\/artplastic.fr\/wp-content\/uploads\/2019\/07\/IMG_1213_1.jpg 800w, https:\/\/artplastic.fr\/wp-content\/uploads\/2019\/07\/IMG_1213_1-300x225.jpg 300w, https:\/\/artplastic.fr\/wp-content\/uploads\/2019\/07\/IMG_1213_1-768x576.jpg 768w, https:\/\/artplastic.fr\/wp-content\/uploads\/2019\/07\/IMG_1213_1-370x278.jpg 370w\" sizes=\"(max-width: 800px) 100vw, 800px\" \/><\/p>\n<p><img loading=\"lazy\" class=\"wp-image-1127 alignleft\" src=\"http:\/\/artplastic.fr\/wp-content\/uploads\/2019\/07\/IMG_1195_1.jpg\" alt=\"\" width=\"442\" height=\"331\" srcset=\"https:\/\/artplastic.fr\/wp-content\/uploads\/2019\/07\/IMG_1195_1.jpg 800w, https:\/\/artplastic.fr\/wp-content\/uploads\/2019\/07\/IMG_1195_1-300x225.jpg 300w, https:\/\/artplastic.fr\/wp-content\/uploads\/2019\/07\/IMG_1195_1-768x576.jpg 768w, https:\/\/artplastic.fr\/wp-content\/uploads\/2019\/07\/IMG_1195_1-370x278.jpg 370w\" sizes=\"(max-width: 442px) 100vw, 442px\" \/><\/p>\n<p><img loading=\"lazy\" class=\"wp-image-1126 alignnone\" src=\"http:\/\/artplastic.fr\/wp-content\/uploads\/2019\/07\/IMG_1194_1.jpg\" alt=\"\" width=\"437\" height=\"328\" srcset=\"https:\/\/artplastic.fr\/wp-content\/uploads\/2019\/07\/IMG_1194_1.jpg 800w, https:\/\/artplastic.fr\/wp-content\/uploads\/2019\/07\/IMG_1194_1-300x225.jpg 300w, https:\/\/artplastic.fr\/wp-content\/uploads\/2019\/07\/IMG_1194_1-768x576.jpg 768w, https:\/\/artplastic.fr\/wp-content\/uploads\/2019\/07\/IMG_1194_1-370x278.jpg 370w\" sizes=\"(max-width: 437px) 100vw, 437px\" \/><\/p>\n<p><img loading=\"lazy\" class=\"size-full wp-image-1125 aligncenter\" src=\"http:\/\/artplastic.fr\/wp-content\/uploads\/2019\/07\/IMG_1192_1.jpg\" alt=\"\" width=\"800\" height=\"600\" srcset=\"https:\/\/artplastic.fr\/wp-content\/uploads\/2019\/07\/IMG_1192_1.jpg 800w, https:\/\/artplastic.fr\/wp-content\/uploads\/2019\/07\/IMG_1192_1-300x225.jpg 300w, https:\/\/artplastic.fr\/wp-content\/uploads\/2019\/07\/IMG_1192_1-768x576.jpg 768w, https:\/\/artplastic.fr\/wp-content\/uploads\/2019\/07\/IMG_1192_1-370x278.jpg 370w\" sizes=\"(max-width: 800px) 100vw, 800px\" \/><\/p>\n<p>&nbsp;<\/p>\n<p style=\"text-align: right;\"><a href=\"http:\/\/artplastic.fr\/?page_id=1004\">RETOUR<\/a><\/p>\n","protected":false},"excerpt":{"rendered":"<p>La pose des bandes de scotch sur les panneaux, en \u00e9quipe (grands\/petit),\u00a0 pour d\u00e9limiter les zones \u00e0 peindre. Les premiers essais d&rsquo;utilisation des bombes a\u00e9rosols et des Poscas sur une bande de papier. &nbsp; &nbsp;[&#8230;]<\/p>\n","protected":false},"author":1,"featured_media":0,"parent":0,"menu_order":0,"comment_status":"closed","ping_status":"closed","template":"","meta":[],"_links":{"self":[{"href":"https:\/\/artplastic.fr\/index.php?rest_route=\/wp\/v2\/pages\/1169"}],"collection":[{"href":"https:\/\/artplastic.fr\/index.php?rest_route=\/wp\/v2\/pages"}],"about":[{"href":"https:\/\/artplastic.fr\/index.php?rest_route=\/wp\/v2\/types\/page"}],"author":[{"embeddable":true,"href":"https:\/\/artplastic.fr\/index.php?rest_route=\/wp\/v2\/users\/1"}],"replies":[{"embeddable":true,"href":"https:\/\/artplastic.fr\/index.php?rest_route=%2Fwp%2Fv2%2Fcomments&post=1169"}],"version-history":[{"count":7,"href":"https:\/\/artplastic.fr\/index.php?rest_route=\/wp\/v2\/pages\/1169\/revisions"}],"predecessor-version":[{"id":1185,"href":"https:\/\/artplastic.fr\/index.php?rest_route=\/wp\/v2\/pages\/1169\/revisions\/1185"}],"wp:attachment":[{"href":"https:\/\/artplastic.fr\/index.php?rest_route=%2Fwp%2Fv2%2Fmedia&parent=1169"}],"curies":[{"name":"wp","href":"https:\/\/api.w.org\/{rel}","templated":true}]}}